{"id":89227,"date":"2019-08-21T08:19:20","date_gmt":"2019-08-21T07:19:20","guid":{"rendered":"http:\/\/serra.immo\/?page_id=89227"},"modified":"2024-08-01T08:43:03","modified_gmt":"2024-08-01T06:43:03","slug":"cookies-policy","status":"publish","type":"page","link":"https:\/\/www.serra.immo\/en\/politica-de-cookies\/","title":{"rendered":"Cookie Policy"},"content":{"rendered":"<div data-elementor-type=\"wp-page\" data-elementor-id=\"89227\" class=\"elementor elementor-89227\" data-elementor-post-type=\"page\">\n\t\t\t\t<div class=\"elementor-element elementor-element-6d457a30 e-flex e-con-boxed e-con e-parent\" data-id=\"6d457a30\" data-element_type=\"container\" data-e-type=\"container\" data-settings=\"{&quot;jet_parallax_layout_list&quot;:[]}\">\n\t\t\t\t\t<div class=\"e-con-inner\">\n\t\t\t\t<div class=\"elementor-element elementor-element-4ce4df9a exad-sticky-section-no exad-glass-effect-no elementor-widget elementor-widget-text-editor\" data-id=\"4ce4df9a\" data-element_type=\"widget\" data-e-type=\"widget\" data-widget_type=\"text-editor.default\">\n\t\t\t\t\t\t\t\t\t<p>A \u201cCookie\u201d is a small file that is stored on the user\u2019s computer and allows us to recognize the user. The set of \u201ccookies\u201d helps us to improve the quality of our website, allowing us to monitor which pages our users find useful and which they do not.<\/p><p>Cookies are essential for the operation of the Internet, providing countless advantages in the provision of interactive services, facilitating navigation and usability of our website. Please note that cookies cannot harm your computer and, in return, their activation helps us identify and resolve errors.<\/p><p>The information we provide below will help you understand the different types of cookies:<\/p><ul><li style=\"list-style-type: none;\"><ul><li><strong>Session cookies:<\/strong> These are temporary cookies that remain in the cookie file of your browser until you leave the website, so none of them are recorded on the user&#039;s hard drive. The information obtained through these cookies is used to analyse traffic patterns on the website. In the long run, this allows us to provide a better experience by improving the content and making it easier to use.<\/li><\/ul><\/li><\/ul><p>\u00a0<\/p><ul><li><strong>Permanent cookies:<\/strong> are stored on your hard drive and are read by our website each time you visit a new website. A permanent cookie has a set expiry date. The cookie will stop working after this date.<\/li><\/ul><p>Below we publish a list of the main cookies used on our website, distinguishing:<\/p><ul><li style=\"list-style-type: none;\"><ul><li><strong>Strictly necessary cookies<\/strong> such as, for example, those that serve to ensure correct navigation or those that allow services requested by the user to be carried out or cookies that serve to ensure that the content of the website is loaded efficiently.<\/li><\/ul><\/li><\/ul><p>\u00a0<\/p><ul><li style=\"list-style-type: none;\"><ul><li><strong>Third party cookies<\/strong> such as those used by social networks or by external content add-ons.<\/li><\/ul><\/li><\/ul><p>\u00a0<\/p><ul><li><strong>Analytical cookies<\/strong> For periodic maintenance purposes and in order to guarantee the best possible service to the user, websites normally use \u201canalytical\u201d cookies to collect statistical data on activity.<\/li><\/ul><h3>RELATIONSHIP AND DESCRIPTION OF THE COOKIES WE USE ON THE WEBSITE:<\/h3><p>The table below shows a schematic representation of the cookies we use on our website:<\/p><p>The table below shows a schematic representation of the cookies we use on our website:<\/p><table width=\"100%\"><tbody><tr><td><strong>Cookie<\/strong><\/td><td><strong>Name<\/strong><\/td><td><strong>Purpose \/ More information<\/strong><\/td><td><strong>Maturity<\/strong><\/td><\/tr><tr><td>Google Analytics<\/td><td>_utma<\/td><td><strong>SERRA EXPERI\u00c8NCIA IMMOBILI\u00c0RIA, SLU<\/strong> uses Google Analytics on the website to<br \/>to be able to track the activity carried out on it.<\/td><td>2 years<\/td><\/tr><tr><td>\u00a0<\/td><td>_utmb<\/td><td>Google Analytics cookies collect standard log information and data about visitors&#039; habits anonymously.<\/td><td>30 minutes<\/td><\/tr><tr><td>\u00a0<\/td><td>_utmc<\/td><td>More information:<\/td><td>Session<\/td><\/tr><tr><td>\u00a0<\/td><td>_utmz<\/td><td><strong>developers.google.com\/analytics\/resources\/<br \/>concepts\/gaConceptsCookies<\/strong> (in English).<\/td><td>6 months<\/td><\/tr><tr><td>\u00a0<\/td><td>_utmv<\/td><td>\u00a0<\/td><td>2 years<\/td><\/tr><tr><td>\u00a0<\/td><td>\u00a0<\/td><td>\u00a0<\/td><td>\u00a0<\/td><\/tr><tr><td><p>Cookies google.com<\/p><p>Mapsgoogle<\/p><p>Google.es<\/p><\/td><td>PREF<\/td><td>The use of location services such as Google Maps involves the installation of these cookies<\/td><td>2 years<\/td><\/tr><tr><td>\u00a0<\/td><td>APISID<\/td><td>They are used to remember user preferences during navigation.<\/td><td>2 years<\/td><\/tr><tr><td>\u00a0<\/td><td>SAPISID<\/td><td>\u00a0<\/td><td>2 years<\/td><\/tr><tr><td>\u00a0<\/td><td>SSID<\/td><td>Also for Google to count the number of users using the maps.<\/td><td>2 years<\/td><\/tr><tr><td>\u00a0<\/td><td>khcookie<\/td><td>\u00a0<\/td><td>Session<\/td><\/tr><tr><td>\u00a0<\/td><td>testcookie<\/td><td>\u00a0<\/td><td>6 months<\/td><\/tr><tr><td>\u00a0<\/td><td>NID<\/td><td>To make advertising more attractive<\/td><td>6 months<\/td><\/tr><tr><td>\u00a0<\/td><td>HSID, SID<\/td><td>And to provide security mechanisms to prevent unauthorized access to user login details or the information they provide in contact forms, e.g.<\/td><td>2 years<\/td><\/tr><tr><td>\u00a0<\/td><td>\u00a0<\/td><td>More information about Google cookies at www.google.com\/intl\/es\/policies\/technologies\/types (Spanish)<\/td><td>\u00a0<\/td><\/tr><tr><td>\u00a0<\/td><td>uid<\/td><td>\u00a0<\/td><td>2 years<\/td><\/tr><\/tbody><\/table><p>\u00a0<\/p><h5>Additional guarantees \u2013 Cookie management:<\/h5><p>As an additional guarantee to those described above, the registration of cookies may be subject to your acceptance during the installation or updating of the browser used, and this acceptance may be revoked at any time through the content and privacy configuration options available.<br \/>Many browsers allow you to activate a private mode whereby cookies are always deleted after your visit. Depending on the browser, this private mode may have different names. Below you will find a list of the most common browsers and the different names for this \u201cprivate mode\u201d:<\/p><p><strong>Internet Explorer 8<\/strong> and above; InPrivate<br \/><strong>Safari 2<\/strong> and above; Private Browsing<br \/><strong>Opera 10.5<\/strong> and above; Private Browsing<br \/><strong>FireFox 3.5<\/strong> and above; Private Browsing<br \/><strong>Google Chrome 10<\/strong> and above; Incognito<\/p><p>Important: Please read your browser&#039;s help section carefully to learn more about how to activate \u201cprivate mode\u201d. You can still visit our website even if your browser is in \u201cprivate mode\u201d, <strong>Although your browsing on our website may not be optimal and some utilities may not work correctly.<\/strong>.<\/p>\t\t\t\t\t\t\t\t<\/div>\n\t\t\t\t\t<\/div>\n\t\t\t\t<\/div>\n\t\t\t\t<\/div>","protected":false},"excerpt":{"rendered":"<p>Una \u201cCookie\u201d es un peque\u00f1o archivo que se almacena en el ordenador del usuario y nos permite reconocerle. El conjunto de \u201ccookies\u201d nos ayuda a mejorar la calidad de nuestra web, permiti\u00e9ndonos controlar qu\u00e9 p\u00e1ginas encuentran nuestros usuarios \u00fatiles y cu\u00e1les no. Las cookies son esenciales para el funcionamiento de internet, aportando innumerables ventajas en [&hellip;]<\/p>\n","protected":false},"author":3,"featured_media":114,"parent":0,"menu_order":14,"comment_status":"closed","ping_status":"closed","template":"elementor_header_footer","meta":{"footnotes":""},"class_list":["post-89227","page","type-page","status-publish","has-post-thumbnail","hentry"],"_links":{"self":[{"href":"https:\/\/www.serra.immo\/en\/wp-json\/wp\/v2\/pages\/89227","targetHints":{"allow":["GET"]}}],"collection":[{"href":"https:\/\/www.serra.immo\/en\/wp-json\/wp\/v2\/pages"}],"about":[{"href":"https:\/\/www.serra.immo\/en\/wp-json\/wp\/v2\/types\/page"}],"author":[{"embeddable":true,"href":"https:\/\/www.serra.immo\/en\/wp-json\/wp\/v2\/users\/3"}],"replies":[{"embeddable":true,"href":"https:\/\/www.serra.immo\/en\/wp-json\/wp\/v2\/comments?post=89227"}],"version-history":[{"count":3,"href":"https:\/\/www.serra.immo\/en\/wp-json\/wp\/v2\/pages\/89227\/revisions"}],"predecessor-version":[{"id":1189328,"href":"https:\/\/www.serra.immo\/en\/wp-json\/wp\/v2\/pages\/89227\/revisions\/1189328"}],"wp:featuredmedia":[{"embeddable":true,"href":"https:\/\/www.serra.immo\/en\/wp-json\/"}],"wp:attachment":[{"href":"https:\/\/www.serra.immo\/en\/wp-json\/wp\/v2\/media?parent=89227"}],"curies":[{"name":"wp","href":"https:\/\/api.w.org\/{rel}","templated":true}]}}