{"id":309766,"date":"2020-07-04T19:47:18","date_gmt":"2020-07-04T18:47:18","guid":{"rendered":"https:\/\/serra.immo\/?page_id=309766"},"modified":"2025-04-25T11:00:24","modified_gmt":"2025-04-25T09:00:24","slug":"quality-policy","status":"publish","type":"page","link":"https:\/\/www.serra.immo\/en\/politica-de-calidad\/","title":{"rendered":"Quality Policy"},"content":{"rendered":"\t\t<div data-elementor-type=\"wp-page\" data-elementor-id=\"309766\" class=\"elementor elementor-309766\" data-elementor-post-type=\"page\">\n\t\t\t\t\t\t<section class=\"elementor-section elementor-top-section elementor-element elementor-element-49b13676 elementor-section-full_width elementor-section-height-default elementor-section-height-default exad-glass-effect-no exad-sticky-section-no\" data-id=\"49b13676\" data-element_type=\"section\" data-e-type=\"section\" data-settings=\"{&quot;background_background&quot;:&quot;classic&quot;,&quot;jet_parallax_layout_list&quot;:[]}\">\n\t\t\t\t\t\t<div class=\"elementor-container elementor-column-gap-default\">\n\t\t\t\t\t<div class=\"elementor-column elementor-col-100 elementor-top-column elementor-element elementor-element-520a865b exad-glass-effect-no exad-sticky-section-no\" data-id=\"520a865b\" data-element_type=\"column\" data-e-type=\"column\">\n\t\t\t<div class=\"elementor-widget-wrap elementor-element-populated\">\n\t\t\t\t\t\t<div class=\"elementor-element elementor-element-40e113bb exad-sticky-section-no exad-glass-effect-no elementor-widget elementor-widget-houzez_elementor_space\" data-id=\"40e113bb\" data-element_type=\"widget\" data-e-type=\"widget\" data-widget_type=\"houzez_elementor_space.default\">\n\t\t\t\t<div class=\"elementor-widget-container\">\n\t\t\t\t\t        <div class=\"houzez-spacer\">\n            <div class=\"houzez-spacer-inner\"><\/div>\n        <\/div>\n        \t\t\t\t<\/div>\n\t\t\t\t<\/div>\n\t\t\t\t<section class=\"elementor-section elementor-inner-section elementor-element elementor-element-2c396f1d elementor-section-boxed elementor-section-height-default elementor-section-height-default exad-glass-effect-no exad-sticky-section-no elementor-invisible\" data-id=\"2c396f1d\" data-element_type=\"section\" data-e-type=\"section\" data-settings=\"{&quot;animation&quot;:&quot;fadeIn&quot;,&quot;jet_parallax_layout_list&quot;:[]}\">\n\t\t\t\t\t\t<div class=\"elementor-container elementor-column-gap-default\">\n\t\t\t\t\t<div class=\"elementor-column elementor-col-100 elementor-inner-column elementor-element elementor-element-2829aea0 exad-glass-effect-no exad-sticky-section-no\" data-id=\"2829aea0\" data-element_type=\"column\" data-e-type=\"column\">\n\t\t\t<div class=\"elementor-widget-wrap elementor-element-populated\">\n\t\t\t\t\t\t<div class=\"elementor-element elementor-element-3e9c2f67 elementor-align-center elementor-icon-list--layout-traditional elementor-list-item-link-full_width exad-sticky-section-no exad-glass-effect-no elementor-widget elementor-widget-icon-list\" data-id=\"3e9c2f67\" data-element_type=\"widget\" data-e-type=\"widget\" data-widget_type=\"icon-list.default\">\n\t\t\t\t\t\t\t<ul class=\"elementor-icon-list-items\">\n\t\t\t\t\t\t\t<li class=\"elementor-icon-list-item\">\n\t\t\t\t\t\t\t\t\t\t\t<a href=\"#\">\n\n\t\t\t\t\t\t\t\t\t\t\t<span class=\"elementor-icon-list-text\">SERRA GRUP IMMOBILIARI<\/span>\n\t\t\t\t\t\t\t\t\t\t\t<\/a>\n\t\t\t\t\t\t\t\t\t<\/li>\n\t\t\t\t\t\t<\/ul>\n\t\t\t\t\t\t<\/div>\n\t\t\t\t<div class=\"elementor-element elementor-element-28e2dd8b exad-sticky-section-no exad-glass-effect-no elementor-widget elementor-widget-heading\" data-id=\"28e2dd8b\" data-element_type=\"widget\" data-e-type=\"widget\" data-widget_type=\"heading.default\">\n\t\t\t\t\t<h1 class=\"elementor-heading-title elementor-size-default\">Pol\u00edtica de calidad<\/h1>\t\t\t\t<\/div>\n\t\t\t\t\t<\/div>\n\t\t<\/div>\n\t\t\t\t\t<\/div>\n\t\t<\/section>\n\t\t\t\t<div class=\"elementor-element elementor-element-11e340f1 exad-sticky-section-no exad-glass-effect-no elementor-widget elementor-widget-houzez_elementor_space\" data-id=\"11e340f1\" data-element_type=\"widget\" data-e-type=\"widget\" data-widget_type=\"houzez_elementor_space.default\">\n\t\t\t\t<div class=\"elementor-widget-container\">\n\t\t\t\t\t        <div class=\"houzez-spacer\">\n            <div class=\"houzez-spacer-inner\"><\/div>\n        <\/div>\n        \t\t\t\t<\/div>\n\t\t\t\t<\/div>\n\t\t\t\t<section class=\"elementor-section elementor-inner-section elementor-element elementor-element-7f67b658 elementor-section-boxed elementor-section-height-default elementor-section-height-default exad-glass-effect-no exad-sticky-section-no elementor-invisible\" data-id=\"7f67b658\" data-element_type=\"section\" data-e-type=\"section\" data-settings=\"{&quot;animation&quot;:&quot;fadeIn&quot;,&quot;jet_parallax_layout_list&quot;:[]}\">\n\t\t\t\t\t\t<div class=\"elementor-container elementor-column-gap-default\">\n\t\t\t\t\t<div class=\"elementor-column elementor-col-100 elementor-inner-column elementor-element elementor-element-f1791c6 exad-glass-effect-no exad-sticky-section-no\" data-id=\"f1791c6\" data-element_type=\"column\" data-e-type=\"column\">\n\t\t\t<div class=\"elementor-widget-wrap elementor-element-populated\">\n\t\t\t\t<div class=\"elementor-element elementor-element-16fed99 e-con-full e-flex e-con e-parent\" data-id=\"16fed99\" data-element_type=\"container\" data-e-type=\"container\" data-settings=\"{&quot;background_background&quot;:&quot;classic&quot;,&quot;jet_parallax_layout_list&quot;:[]}\">\n\t\t\t\t<div class=\"elementor-element elementor-element-c971fbc elementor-widget__width-initial exad-sticky-section-no exad-glass-effect-no elementor-widget elementor-widget-text-editor\" data-id=\"c971fbc\" data-element_type=\"widget\" data-e-type=\"widget\" data-widget_type=\"text-editor.default\">\n\t\t\t\t\t\t\t\t\t<div class=\"flex-shrink-0 flex flex-col relative items-end\"><div class=\"pt-0\"><div class=\"gizmo-bot-avatar flex h-8 w-8 items-center justify-center overflow-hidden rounded-full\"><div class=\"relative p-1 rounded-sm flex items-center justify-center bg-token-main-surface-primary text-token-text-primary h-8 w-8\">Para empezar, consideramos que es fundamental destacar nuestra <strong>pol\u00edtica de calidad<\/strong>, un pilar b\u00e1sico para garantizar la satisfacci\u00f3n de nuestros clientes. Como signo de nuestra seriedad y compromiso, Serra cuenta con el <strong>certificado de calidad de Administradores de Fincas<\/strong>, que refuerza nuestra confianza y transparencia en la gesti\u00f3n.<\/div><\/div><\/div><\/div>\t\t\t\t\t\t\t\t<\/div>\n\t\t<div class=\"elementor-element elementor-element-cb40094 e-con-full e-flex e-con e-child\" data-id=\"cb40094\" data-element_type=\"container\" data-e-type=\"container\" data-settings=\"{&quot;jet_parallax_layout_list&quot;:[]}\">\n\t\t\t\t<div class=\"elementor-element elementor-element-6b6a236 exad-sticky-section-no exad-glass-effect-no elementor-widget elementor-widget-image\" data-id=\"6b6a236\" data-element_type=\"widget\" data-e-type=\"widget\" data-widget_type=\"image.default\">\n\t\t\t\t\t\t\t\t\t\t\t\t\t\t\t\t<a href=\"https:\/\/www.serra.immo\/wp-content\/smush-webp\/2025\/01\/segell-qualitat-administradors-finques.png.webp\">\n\t\t\t\t\t\t\t<img fetchpriority=\"high\" decoding=\"async\" width=\"1024\" height=\"249\" src=\"https:\/\/www.serra.immo\/wp-content\/smush-webp\/2024\/10\/300x200-e1737014327482-1024x249.jpg.webp\" class=\"attachment-large size-large wp-image-1216187\" alt=\"certificado de calidad\" srcset=\"https:\/\/www.serra.immo\/wp-content\/smush-webp\/2024\/10\/300x200-e1737014327482-1024x249.jpg.webp 1024w, https:\/\/www.serra.immo\/wp-content\/smush-webp\/2024\/10\/300x200-e1737014327482-300x73.jpg.webp 300w, https:\/\/www.serra.immo\/wp-content\/smush-webp\/2024\/10\/300x200-e1737014327482-768x187.jpg.webp 768w, https:\/\/www.serra.immo\/wp-content\/smush-webp\/2024\/10\/300x200-e1737014327482-18x4.jpg.webp 18w, https:\/\/www.serra.immo\/wp-content\/smush-webp\/2024\/10\/300x200-e1737014327482-496x121.jpg.webp 496w, https:\/\/www.serra.immo\/wp-content\/smush-webp\/2024\/10\/300x200-e1737014327482.jpg.webp 1250w\" sizes=\"(max-width: 1024px) 100vw, 1024px\" title=\"\">\t\t\t\t\t\t\t\t<\/a>\n\t\t\t\t\t\t\t\t\t\t\t\t\t\t\t<\/div>\n\t\t\t\t<div class=\"elementor-element elementor-element-b8ca7e8 elementor-align-center exad-sticky-section-no exad-glass-effect-no elementor-widget elementor-widget-button\" data-id=\"b8ca7e8\" data-element_type=\"widget\" data-e-type=\"widget\" data-widget_type=\"button.default\">\n\t\t\t\t\t\t\t\t\t\t<a class=\"elementor-button elementor-button-link elementor-size-sm\" href=\"https:\/\/www.serra.immo\/wp-content\/smush-webp\/2025\/01\/segell-qualitat-administradors-finques.png.webp\">\n\t\t\t\t\t\t<span class=\"elementor-button-content-wrapper\">\n\t\t\t\t\t\t\t\t\t<span class=\"elementor-button-text\">Ver certificado de calidad<\/span>\n\t\t\t\t\t<\/span>\n\t\t\t\t\t<\/a>\n\t\t\t\t\t\t\t\t<\/div>\n\t\t\t\t<\/div>\n\t\t\t\t<\/div>\n\t\t\t\t<div class=\"elementor-element elementor-element-8143d40 exad-sticky-section-no exad-glass-effect-no elementor-widget elementor-widget-text-editor\" data-id=\"8143d40\" data-element_type=\"widget\" data-e-type=\"widget\" data-widget_type=\"text-editor.default\">\n\t\t\t\t\t\t\t\t\t<div><div style=\"text-align: left;\">\u00a0<\/div><div class=\"gizmo-bot-avatar flex h-8 w-8 items-center justify-center overflow-hidden rounded-full\" style=\"text-align: left;\">Este enfoque de calidad se refleja en cada uno de los servicios que ofrecemos, tal como describimos en nuestra pol\u00edtica, donde aseguramos un sistema de <strong>Gesti\u00f3n de la Calidad<\/strong> que garantiza una mejora continua, respaldada por evaluaciones peri\u00f3dicas.<\/div><div>\u00a0<\/div><\/div><div class=\"group\/conversation-turn relative flex w-full min-w-0 flex-col agent-turn\" style=\"text-align: left;\"><div class=\"flex-col gap-1 md:gap-3\"><div class=\"flex max-w-full flex-col flex-grow\"><div class=\"min-h-8 text-message flex w-full flex-col items-end gap-2 whitespace-normal break-words [.text-message+&amp;]:mt-5\" dir=\"auto\" data-message-author-role=\"assistant\" data-message-id=\"e9e592ef-ecd0-4f6b-a920-143d575be5d7\" data-message-model-slug=\"gpt-4o\"><div class=\"flex w-full flex-col gap-1 empty:hidden first:pt-[3px]\"><div class=\"markdown prose w-full break-words dark:prose-invert light\"><p style=\"text-align: left;\"><strong>La misi\u00f3n de Serra\u00a0<\/strong>es satisfacer las necesidades de nuestros clientes en la gesti\u00f3n de su patrimonio y crear una organizaci\u00f3n rentable y con una constante vocaci\u00f3n de desarrollo y aportaci\u00f3n de valor a nuestros servicios, para completar una oferta de servicios inmobiliarios integrales.<\/p><\/div><\/div><\/div><\/div><\/div><\/div><p style=\"text-align: left;\">Definimos nuestra pol\u00edtica de calidad poniendo de manifiesto <strong>nuestro compromiso en prestar nuestros servicios con la m\u00e1xima calidad y siempre teniendo como objetivo la satisfacci\u00f3n del cliente<\/strong>; implicando en este proceso a clientes, proveedores y en nuestro equipo humano.<\/p><p style=\"text-align: left;\">Para reafirmar nuestro compromiso con la calidad, tenemos implantado un <strong>sistema de Gesti\u00f3n de la Calidad<\/strong>, con evaluaciones peri\u00f3dicas, que hacen que estamos en continua mejora de los servicios que ofrecemos, con la implicaci\u00f3n por parte de todo nuestro equipo humano.<\/p><p style=\"text-align: left;\">La pol\u00edtica de calidad de Serra se fundamenta en los siguientes principios:<\/p><ul style=\"text-align: left;\"><li>Garantizar que la Pol\u00edtica de Calidad est\u00e1<strong> comprendida, implantada y mantenida<\/strong> por todos los que forman parte de nuestra empresa, constatando documentalmente su cumplimiento.<\/li><li><strong>Compromiso de mejora continua<\/strong> estableciendo un sistema de revisi\u00f3n continua de la gesti\u00f3n y de la Pol\u00edtica de Calidad, revisando los objetivos y metas de la empresa.<\/li><li><strong>Cumplir los requisitos legales<\/strong> y otros que afecten a los diferentes procesos y valorarlo como punto fundamental dentro de la calidad.<\/li><li><strong>Orientar la gesti\u00f3n a la satisfacci\u00f3n de nuestros clientes<\/strong> y partes implicadas, con la participaci\u00f3n activa del equipo humano, obteniendo resultados que garanticen nuestro desarrollo.<\/li><li><strong>Entender las necesidades continuas de nuestros clientes<\/strong> actuales y futuros, manteniendo un contacto constante con ellos y colaborando conjuntamente para mejorar en nuestra atenci\u00f3n y servicio llevando a cabo evaluaciones continuas del nivel de satisfacci\u00f3n.<\/li><li><strong>Formaci\u00f3n y concienciaci\u00f3n de todo nuestro personal<\/strong> para implantar, mejorar y cumplir la Pol\u00edtica de Calidad de la empresa y sus objetivos, con el fin de contar con personal cualificado y motivado, para atender y dar satisfacci\u00f3n a los clientes y dem\u00e1s partes implicadas.<\/li><li><strong>Aportar los recursos necesarios para la mejora continua<\/strong> de los procesos, la organizaci\u00f3n y el sistema en general.<\/li><li><strong>Colaborar positivamente con nuestros proveedores<\/strong> bas\u00e1ndonos en una relaci\u00f3n de mutua confianza y en una integraci\u00f3n adecuada que genere valor a\u00f1adido.<\/li><li><strong>Invertir en sistemas y tecnolog\u00eda avanzada <\/strong>para mejorar nuestros servicios, reducir la cantidad de papel y estar al d\u00eda en los sistemas de informaci\u00f3n.<\/li><\/ul><p style=\"text-align: left;\">Nuestra Pol\u00edtica de Calidad ser\u00e1 mantenida y revisada peri\u00f3dicamente, comunicada a nuestro equipo humano y puesta a disposici\u00f3n del cliente.<\/p><p style=\"text-align: left;\">Nos proponemos <strong>hacer las cosas cada d\u00eda mejor<\/strong>, manteniendo nuestros valores, contando con un equipo de profesionales comprometidos con el servicio al cliente, incorporando las nuevas tecnolog\u00edas y dise\u00f1ando nuevos modelos de servicio y gesti\u00f3n. Todo orientado a <strong>ser cada vez m\u00e1s eficientes y competitivos<\/strong>, para ofrecer servicios en las mejores condiciones.<\/p>\t\t\t\t\t\t\t\t<\/div>\n\t\t\t\t\t<\/div>\n\t\t<\/div>\n\t\t\t\t\t<\/div>\n\t\t<\/section>\n\t\t\t\t\t<\/div>\n\t\t<\/div>\n\t\t\t\t\t<\/div>\n\t\t<\/section>\n\t\t\t\t<section class=\"elementor-section elementor-top-section elementor-element elementor-element-7f4e962b elementor-section-boxed elementor-section-height-default elementor-section-height-default exad-glass-effect-no exad-sticky-section-no elementor-invisible\" data-id=\"7f4e962b\" data-element_type=\"section\" data-e-type=\"section\" data-settings=\"{&quot;background_background&quot;:&quot;classic&quot;,&quot;animation&quot;:&quot;fadeIn&quot;,&quot;jet_parallax_layout_list&quot;:[]}\">\n\t\t\t\t\t\t<div class=\"elementor-container elementor-column-gap-default\">\n\t\t\t\t\t<div class=\"elementor-column elementor-col-100 elementor-top-column elementor-element elementor-element-4446653c exad-glass-effect-no exad-sticky-section-no\" data-id=\"4446653c\" data-element_type=\"column\" data-e-type=\"column\">\n\t\t\t<div class=\"elementor-widget-wrap elementor-element-populated\">\n\t\t\t\t\t\t<section class=\"elementor-section elementor-inner-section elementor-element elementor-element-3ac28b1f elementor-section-content-middle elementor-section-boxed elementor-section-height-default elementor-section-height-default exad-glass-effect-no exad-sticky-section-no\" data-id=\"3ac28b1f\" data-element_type=\"section\" data-e-type=\"section\" data-settings=\"{&quot;background_background&quot;:&quot;classic&quot;,&quot;jet_parallax_layout_list&quot;:[]}\">\n\t\t\t\t\t\t<div class=\"elementor-container elementor-column-gap-default\">\n\t\t\t\t\t<div class=\"elementor-column elementor-col-33 elementor-inner-column elementor-element elementor-element-22f73859 exad-glass-effect-no exad-sticky-section-no\" data-id=\"22f73859\" data-element_type=\"column\" data-e-type=\"column\">\n\t\t\t<div class=\"elementor-widget-wrap elementor-element-populated\">\n\t\t\t\t\t\t<div class=\"elementor-element elementor-element-6a28a285 exad-sticky-section-no exad-glass-effect-no elementor-widget elementor-widget-heading\" data-id=\"6a28a285\" data-element_type=\"widget\" data-e-type=\"widget\" data-widget_type=\"heading.default\">\n\t\t\t\t\t<h2 class=\"elementor-heading-title elementor-size-default\">\u00bfC\u00f3mo podemos ayudarte? <\/h2>\t\t\t\t<\/div>\n\t\t\t\t<div class=\"elementor-element elementor-element-134c43bd exad-sticky-section-no exad-glass-effect-no elementor-widget elementor-widget-text-editor\" data-id=\"134c43bd\" data-element_type=\"widget\" data-e-type=\"widget\" data-widget_type=\"text-editor.default\">\n\t\t\t\t\t\t\t\t\t<p>\u00bfTienes dudas? \u00bfQuieres m\u00e1s informaci\u00f3n sobre alg\u00fan servicio? Sea lo que sea lo que tengas que decirnos, queremos escucharte. \u00a1Hablemos!<\/p><p>Rellena este formulario y en un plazo de dos d\u00edas laborables nos ponemos en contacto contigo.<\/p>\t\t\t\t\t\t\t\t<\/div>\n\t\t\t\t\t<\/div>\n\t\t<\/div>\n\t\t\t\t<div class=\"elementor-column elementor-col-33 elementor-inner-column elementor-element elementor-element-3c80b10 exad-glass-effect-no exad-sticky-section-no\" data-id=\"3c80b10\" data-element_type=\"column\" data-e-type=\"column\">\n\t\t\t<div class=\"elementor-widget-wrap\">\n\t\t\t\t\t\t\t<\/div>\n\t\t<\/div>\n\t\t\t\t<div class=\"elementor-column elementor-col-33 elementor-inner-column elementor-element elementor-element-54bef2c9 exad-glass-effect-no exad-sticky-section-no\" data-id=\"54bef2c9\" data-element_type=\"column\" data-e-type=\"column\">\n\t\t\t<div class=\"elementor-widget-wrap elementor-element-populated\">\n\t\t\t\t\t\t<div class=\"elementor-element elementor-element-42274bad elementor-button-align-stretch exad-sticky-section-no exad-glass-effect-no elementor-widget elementor-widget-houzez_elementor_inquiry_form\" data-id=\"42274bad\" data-element_type=\"widget\" data-e-type=\"widget\" data-widget_type=\"houzez_elementor_inquiry_form.default\">\n\t\t\t\t<div class=\"elementor-widget-container\">\n\t\t\t\t\t\n        <script type=\"application\/javascript\">\n            jQuery(document).bind(\"ready\", function () {\n                houzezValidateElementor(\"#houzez-form-42274bad\" );\n            });\n        <\/script>\n\n\n        <form class=\"elementor-form houzez-ele-form-js\" id=\"houzez-form-42274bad\" method=\"post\" name=\"New Form\" action=\"https:\/\/www.serra.immo\/wp-admin\/admin-ajax.php\">\n            <input type=\"hidden\" name=\"form_id\" value=\"42274bad\"\/>\n            <input type=\"hidden\" name=\"action\" value=\"houzez_ele_inquiry_form\" \/>\n            <input type=\"hidden\" name=\"source_link\" value=\"https:\/\/www.serra.immo\/en\/politica-de-calidad\/\" \/>\n            <input type=\"hidden\" name=\"lead_page_id\" value=\"309766\" \/>\n            <input type=\"hidden\" name=\"is_estimation\" value=\"yes\" \/>\n            <input type=\"hidden\" name=\"webhook\" value=\"\" \/>\n            <input type=\"hidden\" name=\"webhook_url\" value=\"\" \/>\n            <input type=\"hidden\" name=\"redirect_to\" value=\"\" \/>\n            <input type=\"hidden\" name=\"email_subject\" value=\"Nuevo mensaje de www.serra.immo\" \/>\n            <input type=\"hidden\" name=\"google_recaptcha\" value=\"false\" \/>\n\n            <div class=\"elementor-form-fields-wrapper elementor-labels-above\">\n\n                                    <div class=\"elementor-field-group elementor-column form-group elementor-field-group-3fe95d8 elementor-col-100 elementor-field-required\">\n                    <input type=\"text\" name=\"first_name\" id=\"form-field-3fe95d8\" class=\"elementor-field form-control elementor-size-sm elementor-field-textual\" placeholder=\"Nombre\" title=\"* Nombre\" required=\"required\">                    <\/div>\n\n                                        <div class=\"elementor-field-group elementor-column form-group elementor-field-group-14d96f5 elementor-col-100 elementor-field-required\">\n                    <input type=\"email\" name=\"email\" id=\"form-field-14d96f5\" class=\"elementor-field form-control elementor-size-sm elementor-field-textual\" placeholder=\"Correo electr\u00f3nico\" title=\"* Correo electr\u00f3nico\" required=\"required\">                    <\/div>\n\n                                        <div class=\"elementor-field-group elementor-column form-group elementor-field-group-2c2411a elementor-col-100 elementor-field-required\">\n                    <input type=\"text\" name=\"mobile\" id=\"form-field-2c2411a\" class=\"elementor-field form-control elementor-size-sm elementor-field-textual\" placeholder=\"Tel\u00e9fono\" title=\"* Tel\u00e9fono\" required=\"required\">                    <\/div>\n\n                    \n                    \n                                        <div class=\"form-group elementor-field-group elementor-col-100\">\n                        <label class=\"control control--checkbox m-0 \">\n                                                        <input required type=\"checkbox\" name=\"gdpr_agreement\" id=\"gdpr_agreement\" aria-required=\"true\">\n                            <span class=\"control__indicator\"><\/span>\n                                                        <div class=\"gdpr-text-wrap\">\n                            *He le\u00eddo y acepto las condiciones contenidas en la pol\u00edtica de privacidad sobre el tratamiento de mis datos para gestionar mi consulta o petici\u00f3n.                            <\/div>\n                            \n                        <\/label>\n                    <\/div><!-- form-group -->\n                    \n                    \n                    \n                    <div class=\"elementor-field-group elementor-column elementor-field-type-submit elementor-col-100\">\n                    <button type=\"submit\" class=\"houzez-submit-button houzez-contact-form-js elementor-button elementor-size-sm\">\n                        <i class=\"houzez-loader-js houzez-hidden spinner-border spinner-border-sm\"><\/i>\n                                                    Enviar                                            <\/button>\n                <\/div>\n            <\/div><!-- End wrapper-->\n            <br\/>\n            <div class=\"ele-form-messages\"><\/div>\n            <div class=\"error-container\"><\/div>\n\n        <\/form>\n\n    \t\t\t\t<\/div>\n\t\t\t\t<\/div>\n\t\t\t\t\t<\/div>\n\t\t<\/div>\n\t\t\t\t\t<\/div>\n\t\t<\/section>\n\t\t\t\t\t<\/div>\n\t\t<\/div>\n\t\t\t\t\t<\/div>\n\t\t<\/section>\n\t\t\t\t<\/div>\n\t\t","protected":false},"excerpt":{"rendered":"<p>SERRA GRUP IMMOBILIARI Pol\u00edtica de calidad Para empezar, consideramos que es fundamental destacar nuestra pol\u00edtica de calidad, un pilar b\u00e1sico para garantizar la satisfacci\u00f3n de nuestros clientes. Como signo de nuestra seriedad y compromiso, Serra cuenta con el certificado de calidad de Administradores de Fincas, que refuerza nuestra confianza y transparencia en la gesti\u00f3n. Ver [&hellip;]<\/p>\n","protected":false},"author":3,"featured_media":118,"parent":0,"menu_order":0,"comment_status":"closed","ping_status":"closed","template":"elementor_header_footer","meta":{"footnotes":""},"class_list":["post-309766","page","type-page","status-publish","has-post-thumbnail","hentry"],"_links":{"self":[{"href":"https:\/\/www.serra.immo\/en\/wp-json\/wp\/v2\/pages\/309766","targetHints":{"allow":["GET"]}}],"collection":[{"href":"https:\/\/www.serra.immo\/en\/wp-json\/wp\/v2\/pages"}],"about":[{"href":"https:\/\/www.serra.immo\/en\/wp-json\/wp\/v2\/types\/page"}],"author":[{"embeddable":true,"href":"https:\/\/www.serra.immo\/en\/wp-json\/wp\/v2\/users\/3"}],"replies":[{"embeddable":true,"href":"https:\/\/www.serra.immo\/en\/wp-json\/wp\/v2\/comments?post=309766"}],"version-history":[{"count":23,"href":"https:\/\/www.serra.immo\/en\/wp-json\/wp\/v2\/pages\/309766\/revisions"}],"predecessor-version":[{"id":1282071,"href":"https:\/\/www.serra.immo\/en\/wp-json\/wp\/v2\/pages\/309766\/revisions\/1282071"}],"wp:featuredmedia":[{"embeddable":true,"href":"https:\/\/www.serra.immo\/en\/wp-json\/"}],"wp:attachment":[{"href":"https:\/\/www.serra.immo\/en\/wp-json\/wp\/v2\/media?parent=309766"}],"curies":[{"name":"wp","href":"https:\/\/api.w.org\/{rel}","templated":true}]}}