{"id":89227,"date":"2019-08-21T08:19:20","date_gmt":"2019-08-21T07:19:20","guid":{"rendered":"http:\/\/serra.immo\/?page_id=89227"},"modified":"2024-08-01T08:43:03","modified_gmt":"2024-08-01T06:43:03","slug":"politica-de-cookies","status":"publish","type":"page","link":"https:\/\/www.serra.immo\/ca\/politica-de-cookies\/","title":{"rendered":"Pol\u00edtica de Cookies"},"content":{"rendered":"<div data-elementor-type=\"wp-page\" data-elementor-id=\"89227\" class=\"elementor elementor-89227\" data-elementor-post-type=\"page\">\n\t\t\t\t<div class=\"elementor-element elementor-element-6d457a30 e-flex e-con-boxed e-con e-parent\" data-id=\"6d457a30\" data-element_type=\"container\" data-e-type=\"container\" data-settings=\"{&quot;jet_parallax_layout_list&quot;:[]}\">\n\t\t\t\t\t<div class=\"e-con-inner\">\n\t\t\t\t<div class=\"elementor-element elementor-element-4ce4df9a exad-sticky-section-no exad-glass-effect-no elementor-widget elementor-widget-text-editor\" data-id=\"4ce4df9a\" data-element_type=\"widget\" data-e-type=\"widget\" data-widget_type=\"text-editor.default\">\n\t\t\t\t\t\t\t\t\t<p>Una \u201cCookie\u201d \u00e9s un petit fitxer que s&#039;emmagatzema a l&#039;ordinador de l&#039;usuari i ens permet recon\u00e8ixer-lo. El conjunt de \u201ccookies\u201d ens ajuda a millorar la qualitat de la nostra web, permetent controlar quines p\u00e0gines troben els nostres usuaris \u00fatils i quins no.<\/p><p>Les galetes s\u00f3n essencials per al funcionament d&#039;internet, aportant innombrables avantatges en la prestaci\u00f3 de serveis interactius, facilitant-li la navegaci\u00f3 i usabilitat de la nostra web. Tingueu en compte que les cookies no poden danyar el vostre equip i que, a canvi, el que estiguin activades ens ajuden a identificar i resoldre els errors.<\/p><p>La informaci\u00f3 que us proporcionem a continuaci\u00f3 us ajudar\u00e0 a comprendre els diferents tipus de cookies:<\/p><ul><li style=\"list-style-type: none;\"><ul><li><strong>Cookies de sessi\u00f3:<\/strong> s\u00f3n cookies temporals que romanen a l&#039;arxiu de cookies del vostre navegador fins que abandoni la p\u00e0gina web, per la qual cosa cap queda registrada al disc dur de l&#039;usuari. La informaci\u00f3 obtinguda per mitj\u00e0 d&#039;aquestes galetes serveixen per analitzar pautes de tr\u00e0nsit a la web. A la llarga, aix\u00f2 ens permet proporcionar una millor experi\u00e8ncia per millorar-ne el contingut i facilitant-ne l&#039;\u00fas.<\/li><\/ul><\/li><\/ul><p>\u00a0<\/p><ul><li><strong>Cookies permanents:<\/strong> s\u00f3n emmagatzemades al disc dur i la nostra web les llegeix cada vegada que vost\u00e8 realitza una nova visita. Una galeta permanent t\u00e9 una data d&#039;expiraci\u00f3 determinada. La galeta deixar\u00e0 de funcionar despr\u00e9s d&#039;aquesta data.<\/li><\/ul><p>A continuaci\u00f3, publiquem una relaci\u00f3 de les principals cookies utilitzades a la nostra Web, distingint:<\/p><ul><li style=\"list-style-type: none;\"><ul><li><strong>Les cookies estrictament necess\u00e0ries<\/strong> com, per exemple, aquelles que serveixin per a una navegaci\u00f3 correcta o les que permetin realitzar serveis sol\u00b7licitats per l&#039;usuari o cookies que serveixin per assegurar que el contingut de la p\u00e0gina web es carrega efica\u00e7ment.<\/li><\/ul><\/li><\/ul><p>\u00a0<\/p><ul><li style=\"list-style-type: none;\"><ul><li><strong>Les galetes de tercers<\/strong> com per exemple, les utilitzades per xarxes socials, o per complements externs de contingut.<\/li><\/ul><\/li><\/ul><p>\u00a0<\/p><ul><li><strong>Les cookies anal\u00edtiques<\/strong> amb prop\u00f2sits de manteniment peri\u00f2dic, i per tal de garantir el millor servei possible a l&#039;usuari, els llocs web fan \u00fas normalment de cookies \u201canal\u00edtiques\u201d per recopilar dades estad\u00edstiques de l&#039;activitat.<\/li><\/ul><h3>RELACI\u00d3 I DESCRIPCI\u00d3 DE LES COOKIES QUE UTILITZEM A LA P\u00c0GINA WEB:<\/h3><p>La taula que publiquem a continuaci\u00f3 recull de forma esquematitzada les cookies que utilitzem a la nostra p\u00e0gina web:<\/p><p>La taula que publiquem a continuaci\u00f3 recull de forma esquematitzada les cookies que utilitzem a la nostra p\u00e0gina web:<\/p><table width=\"100%\"><tbody><tr><td><strong>Cookie<\/strong><\/td><td><strong>Nom<\/strong><\/td><td><strong>Finalitat \/ M\u00e9s informaci\u00f3<\/strong><\/td><td><strong>Venciment<\/strong><\/td><\/tr><tr><td>Google Analytics<\/td><td>_utma<\/td><td><strong>SERRA EXPERI\u00c8NCIA IMMOBILI\u00c0RIA, SLU<\/strong> utilitza Google Analytics al lloc web per<br \/>poder fer un seguiment de l&#039;activitat realitzada.<\/td><td>2 anys<\/td><\/tr><tr><td>\u00a0<\/td><td>_utmb<\/td><td>Les galetes de Google Analytics recopilen informaci\u00f3 de registre est\u00e0ndard i dades sobre els h\u00e0bits dels visitants de forma an\u00f2nima.<\/td><td>30 minuts<\/td><\/tr><tr><td>\u00a0<\/td><td>_utmc<\/td><td>M\u00e9s informaci\u00f3:<\/td><td>Sessi\u00f3<\/td><\/tr><tr><td>\u00a0<\/td><td>_utmz<\/td><td><strong>developers.google.com\/analytics\/resources\/<br \/>concepts\/gaConceptsCookies<\/strong> (en angl\u00e8s).<\/td><td>6 mesos<\/td><\/tr><tr><td>\u00a0<\/td><td>_utmv<\/td><td>\u00a0<\/td><td>2 anys<\/td><\/tr><tr><td>\u00a0<\/td><td>\u00a0<\/td><td>\u00a0<\/td><td>\u00a0<\/td><\/tr><tr><td><p>Cookies google.com<\/p><p>Mapsgoogle<\/p><p>Google.es<\/p><\/td><td>PREF<\/td><td>L&#039;\u00fas de serveis de localitzaci\u00f3 com Google Maps implica la instal\u00b7laci\u00f3 d&#039;aquestes galetes<\/td><td>2 anys<\/td><\/tr><tr><td>\u00a0<\/td><td>APISID<\/td><td>S&#039;utilitzen per recordar prefer\u00e8ncies de l&#039;usuari durant la navegaci\u00f3.<\/td><td>2 anys<\/td><\/tr><tr><td>\u00a0<\/td><td>SAPISID<\/td><td>\u00a0<\/td><td>2 anys<\/td><\/tr><tr><td>\u00a0<\/td><td>SSID<\/td><td>Tamb\u00e9 per al recompte, per part de google, del nombre d&#039;usuaris que fan servir els mapes<\/td><td>2 anys<\/td><\/tr><tr><td>\u00a0<\/td><td>khcookie<\/td><td>\u00a0<\/td><td>Sessi\u00f3<\/td><\/tr><tr><td>\u00a0<\/td><td>testcookie<\/td><td>\u00a0<\/td><td>6 mesos<\/td><\/tr><tr><td>\u00a0<\/td><td>NID<\/td><td>Per fer la publicitat m\u00e9s atractiva<\/td><td>6 mesos<\/td><\/tr><tr><td>\u00a0<\/td><td>HSID, SID<\/td><td>I per proveir de mecanismes de seguretat que evitin l&#039;acc\u00e9s no autoritzat a dades d&#039;acc\u00e9s d&#039;usuaris o la informaci\u00f3 que faciliten en formularis de contacte, p.ex.<\/td><td>2 anys<\/td><\/tr><tr><td>\u00a0<\/td><td>\u00a0<\/td><td>M\u00e9s informaci\u00f3 sobre les galetes de Google a www.google.com\/intl\/es\/policies\/technologies\/types (castell\u00e0)<\/td><td>\u00a0<\/td><\/tr><tr><td>\u00a0<\/td><td>uid<\/td><td>\u00a0<\/td><td>2 anys<\/td><\/tr><\/tbody><\/table><p>\u00a0<\/p><h5>Garanties complement\u00e0ries \u2013 Gesti\u00f3 de cookies:<\/h5><p>Com a garantia complement\u00e0ria a les anteriorment descrites, el registre de les cookies podr\u00e0 estar subjecte a la seva acceptaci\u00f3 durant la instal\u00b7laci\u00f3 o posada al dia del navegador usat, i aquesta acceptaci\u00f3 pot ser revocada en tot moment mitjan\u00e7ant les opcions de configuraci\u00f3 de continguts i privadesa disponibles.<br \/>Molts navegadors permeten activar un mode privat mitjan\u00e7ant el qual les cookies s&#039;esborren sempre despr\u00e9s de la visita. Depenent de cada navegador aquest mode privat, podeu tenir diferents noms. A continuaci\u00f3 trobareu una llista dels navegadors m\u00e9s comuns i els diferents noms d&#039;aquest \u201cmode privat\u201d:<\/p><p><strong>Internet Explorer 8<\/strong> i superior; InPrivate<br \/><strong>Safari 2<\/strong> i superior; Navegaci\u00f3 Privada<br \/><strong>Opera 10.5<\/strong> i superior; Navegaci\u00f3 Privada<br \/><strong>FireFox 3.5<\/strong> i superior; Navegaci\u00f3 Privada<br \/><strong>Google Chrome 10<\/strong> i superior; Inc\u00f2gnit<\/p><p>Important: Si us plau, llegiu atentament la secci\u00f3 d&#039;ajuda del vostre navegador per con\u00e8ixer m\u00e9s sobre com activar el \u201cmode privat\u201d. Podr\u00e0 seguir visitant la nostra web encara que el seu navegador estigui en \u201cmanera privada\u201d, <strong>si b\u00e9, la vostra navegaci\u00f3 per la nostra web pot no ser \u00f2ptima i algunes utilitats poden no funcionar correctament<\/strong>.<\/p>\t\t\t\t\t\t\t\t<\/div>\n\t\t\t\t\t<\/div>\n\t\t\t\t<\/div>\n\t\t\t\t<\/div>","protected":false},"excerpt":{"rendered":"<p>Una \u201cCookie\u201d es un peque\u00f1o archivo que se almacena en el ordenador del usuario y nos permite reconocerle. El conjunto de \u201ccookies\u201d nos ayuda a mejorar la calidad de nuestra web, permiti\u00e9ndonos controlar qu\u00e9 p\u00e1ginas encuentran nuestros usuarios \u00fatiles y cu\u00e1les no. Las cookies son esenciales para el funcionamiento de internet, aportando innumerables ventajas en [&hellip;]<\/p>\n","protected":false},"author":3,"featured_media":114,"parent":0,"menu_order":14,"comment_status":"closed","ping_status":"closed","template":"elementor_header_footer","meta":{"footnotes":""},"class_list":["post-89227","page","type-page","status-publish","has-post-thumbnail","hentry"],"_links":{"self":[{"href":"https:\/\/www.serra.immo\/ca\/wp-json\/wp\/v2\/pages\/89227","targetHints":{"allow":["GET"]}}],"collection":[{"href":"https:\/\/www.serra.immo\/ca\/wp-json\/wp\/v2\/pages"}],"about":[{"href":"https:\/\/www.serra.immo\/ca\/wp-json\/wp\/v2\/types\/page"}],"author":[{"embeddable":true,"href":"https:\/\/www.serra.immo\/ca\/wp-json\/wp\/v2\/users\/3"}],"replies":[{"embeddable":true,"href":"https:\/\/www.serra.immo\/ca\/wp-json\/wp\/v2\/comments?post=89227"}],"version-history":[{"count":3,"href":"https:\/\/www.serra.immo\/ca\/wp-json\/wp\/v2\/pages\/89227\/revisions"}],"predecessor-version":[{"id":1189328,"href":"https:\/\/www.serra.immo\/ca\/wp-json\/wp\/v2\/pages\/89227\/revisions\/1189328"}],"wp:featuredmedia":[{"embeddable":true,"href":"https:\/\/www.serra.immo\/ca\/wp-json\/"}],"wp:attachment":[{"href":"https:\/\/www.serra.immo\/ca\/wp-json\/wp\/v2\/media?parent=89227"}],"curies":[{"name":"wp","href":"https:\/\/api.w.org\/{rel}","templated":true}]}}