{"id":25539,"date":"2019-04-04T16:23:55","date_gmt":"2019-04-04T15:23:55","guid":{"rendered":"http:\/\/serra.immo\/?page_id=84"},"modified":"2024-08-01T08:43:49","modified_gmt":"2024-08-01T06:43:49","slug":"avis-legal","status":"publish","type":"page","link":"https:\/\/www.serra.immo\/ca\/aviso-legal\/","title":{"rendered":"Av\u00eds legal"},"content":{"rendered":"<div data-elementor-type=\"wp-page\" data-elementor-id=\"25539\" class=\"elementor elementor-25539\" data-elementor-post-type=\"page\">\n\t\t\t\t<div class=\"elementor-element elementor-element-649b6070 e-flex e-con-boxed e-con e-parent\" data-id=\"649b6070\" data-element_type=\"container\" data-e-type=\"container\" data-settings=\"{&quot;jet_parallax_layout_list&quot;:[]}\">\n\t\t\t\t\t<div class=\"e-con-inner\">\n\t\t\t\t<div class=\"elementor-element elementor-element-8e3d26e exad-sticky-section-no exad-glass-effect-no elementor-widget elementor-widget-text-editor\" data-id=\"8e3d26e\" data-element_type=\"widget\" data-e-type=\"widget\" data-widget_type=\"text-editor.default\">\n\t\t\t\t\t\t\t\t\t<h2>LLEI DELS SERVEIS DE LA SOCIETAT DE LA INFORMACI\u00d3 (LSSI)<\/h2><p>SERRA EXPERI\u00c8NCIA IMMOBILI\u00c0RIA, SLU, responsable del lloc web, d&#039;ara endavant RESPONSABLE, posa a disposici\u00f3 dels usuaris aquest document, amb el qual pret\u00e9n donar compliment a les obligacions disposades a la Llei 34\/2002, d&#039;11 de juliol, de Serveis de la Societat de la Informaci\u00f3 i de Comer\u00e7 Electr\u00f2nic (LSSICE), BOE N \u00ba 166, aix\u00ed com informar tots els usuaris del lloc web respecte a quines s\u00f3n les condicions d\u00fas.<\/p><p>Tota persona que accedeixi a aquest lloc web assumeix el paper d&#039;usuari, comprometent-se a l&#039;observan\u00e7a i el compliment rigor\u00f3s de les disposicions aqu\u00ed disposades, aix\u00ed com a qualsevol altra disposici\u00f3 legal que sigui aplicable.<\/p><p>SERRA EXPERIENCIA IMMOBILIARIA, SLU es reserva el dret de modificar qualsevol tipus d&#039;informaci\u00f3 que pogu\u00e9s apar\u00e8ixer al lloc web, sense que hi hagi obligaci\u00f3 de preavisar o posar en coneixement dels usuaris aquestes obligacions, entenent-se com suficient amb la publicaci\u00f3 al lloc web de SERRA EXPERI\u00c8NCIA IMMOBILI\u00c0RIA, SLU.<\/p><h3>1. DADES IDENTIFICATIVES<\/h3><ul><li>Nom de domini: www.serra.immo<\/li><li>Nom comercial: SERRA GRUP IMMOBILIARI<\/li><li>Denominaci\u00f3 social: SERRA EXPERI\u00c8NCIA IMMOBILI\u00c0RIA, SLU<\/li><li>NIF: B65695025<\/li><li>Domicili social: C\/ Pius X, 17 08800 Vilanova i la Geltr\u00fa (Barcelona)<\/li><li>Tel\u00e8fon: 938930387<\/li><li>e-mail: <a href=\"mailto:info@serra.immo\" target=\"_blank\" rel=\"noopener noreferrer\">info@serra.immo<\/a><\/li><li>Inscrita al Registre (Mercantil \/ P\u00fablic):<\/li><\/ul><h3>2. DRETS DE PROPIETAT INTEL\u00b7LECTUAL I INDUSTRIAL<\/h3><p>El lloc web, incloent-hi a t\u00edtol enunciatiu per\u00f2 no limitatiu la seva programaci\u00f3, edici\u00f3, compilaci\u00f3 i altres elements necessaris per al seu funcionament, els dissenys, logotips, text i\/o gr\u00e0fics, s\u00f3n propietat del RESPONSABLE o, si escau, disposa de llic\u00e8ncia o autoritzaci\u00f3 expressa per part dels autors. Tots els continguts del lloc web es troben degudament protegits per la normativa de propietat intel\u00b7lectual i industrial, aix\u00ed com inscrits als registres p\u00fablics corresponents.<\/p><p>Independentment de la finalitat per a la qual fossin destinats, la reproducci\u00f3 total o parcial, \u00fas, explotaci\u00f3, distribuci\u00f3 i comercialitzaci\u00f3 requereix en tot cas l&#039;autoritzaci\u00f3 escrita pr\u00e8via per part del RESPONSABLE. Qualsevol \u00fas no autoritzat pr\u00e8viament es considera un incompliment greu dels drets de propietat intel\u00b7lectual o industrial de lautor.<\/p><p>Els dissenys, logotips, text i\/o gr\u00e0fics aliens al RESPONSABLE i que poguessin apar\u00e8ixer al lloc web, pertanyen als seus respectius propietaris, sent ells mateixos responsables de qualsevol possible controv\u00e8rsia que pogu\u00e9s suscitar-se respecte a aquests. El RESPONSABLE autoritza expressament que tercers puguin redirigir directament als continguts concrets del lloc<br \/>web, i en tot cas redirigir al lloc web principal de <a href=\"https:\/\/www.serra.immo\/ca\/\" rel=\"noopener noreferrer\" target=\"_blank\">www.serra.immo<\/a>.<\/p><p>El RESPONSABLE reconeix a favor dels seus titulars els corresponents drets de propietat intel\u00b7lectual i industrial, no implicant la seva sola menci\u00f3 o aparici\u00f3 al lloc web l&#039;exist\u00e8ncia de drets o responsabilitat sobre aquests, com tampoc suport, patrocini o recomanaci\u00f3 per part del mateix .<\/p><p>Per fer qualsevol tipus d&#039;observaci\u00f3 respecte a possibles incompliments dels drets de propietat intel\u00b7lectual o industrial, aix\u00ed com sobre qualsevol dels continguts del lloc web, podeu fer-ho a trav\u00e9s del correu electr\u00f2nic <a href=\"mailto:info@serra.immo\" target=\"_blank\" rel=\"noopener noreferrer\">info@serra.immo<\/a>.<\/p><h3>3. EXEMPCI\u00d3 DE RESPONSABILITATS<\/h3><p>El RESPONSABLE s&#039;eximeix de qualsevol tipus de responsabilitat derivada de la informaci\u00f3 publicada al vostre lloc web sempre que aquesta informaci\u00f3 hagi estat manipulada o introdu\u00efda per un tercer ali\u00e8 al mateix.<\/p><h5>\u00das de galetes<\/h5><p>Aquest lloc web pot utilitzar cookies t\u00e8cniques (petits arxius dinformaci\u00f3 que el servidor envia a lordinador de qui accedeix a la p\u00e0gina) per dur a terme determinades funcions que s\u00f3n considerades imprescindibles per al correcte funcionament i visualitzaci\u00f3 del lloc. Les galetes utilitzades tenen, en tot cas, car\u00e0cter temporal, amb l&#039;\u00fanica finalitat de fer m\u00e9s efica\u00e7 la navegaci\u00f3, i desapareixen en acabar la sessi\u00f3 de l&#039;usuari. En cap cas, aquestes galetes proporcionen per si mateixes dades de car\u00e0cter personal i no s&#039;utilitzaran per a la recollida dels mateixos.<\/p><p>Mitjan\u00e7ant l&#039;\u00fas de cookies tamb\u00e9 \u00e9s possible que el servidor on es troba la web reconegui el navegador utilitzat per l&#039;usuari amb la finalitat que la navegaci\u00f3 sigui m\u00e9s senzilla, permetent, per exemple, l&#039;acc\u00e9s dels usuaris que s&#039;hagin registrat pr\u00e8viament les \u00e0rees, serveis, promocions o concursos reservats exclusivament a ells sense haver de registrar-se a cada visita. Tamb\u00e9 es poden utilitzar per mesurar l&#039;audi\u00e8ncia, els par\u00e0metres de tr\u00e0nsit, controlar el progr\u00e9s i el nombre d&#039;entrades, etc, sent en aquests casos galetes prescindibles t\u00e8cnicament per\u00f2 beneficioses per a l&#039;usuari. Aquest lloc web no instal\u00b7lar\u00e0 galetes prescindibles sense el consentiment previ de l&#039;usuari.<\/p><p>L&#039;usuari t\u00e9 la possibilitat de configurar el vostre navegador per ser alertat de la recepci\u00f3 de cookies i per impedir la seva instal\u00b7laci\u00f3 al vostre equip. Si us plau, consulteu les instruccions del vostre navegador per ampliar aquesta informaci\u00f3.<\/p><h5>Pol\u00edtica d&#039;enlla\u00e7os<\/h5><p>Des del lloc web, \u00e9s possible que es redirigeixi a continguts de tercers llocs web. At\u00e8s que el RESPONSABLE no pot controlar sempre els continguts introdu\u00efts pels tercers als seus respectius llocs web, no assumeix cap tipus de responsabilitat respecte a aquests continguts. En tot cas, procedir\u00e0 a la retirada immediata de qualsevol contingut que pogu\u00e9s contravenir la legislaci\u00f3 nacional o internacional, la moral o l&#039;ordre p\u00fablic, procedint a la retirada immediata de la redirecci\u00f3 a aquest lloc web, posant en coneixement de les autoritats competents el contingut en q\u00fcesti\u00f3.<\/p><p>El RESPONSABLE no es fa responsable de la informaci\u00f3 i continguts emmagatzemats, a t\u00edtol enunciatiu per\u00f2 no limitatiu, en f\u00f2rums, xats, generadors de blocs, comentaris, xarxes socials o qualsevol altre mitj\u00e0 que permeti a tercers publicar continguts de forma independent a la p\u00e0gina web del RESPONSABLE. No obstant aix\u00f2, i en compliment del que disposen els articles 11 i 16 de la LSSICE, es posa a disposici\u00f3 de tots els usuaris, autoritats i forces de seguretat, col\u00b7laborant de forma activa en la retirada o, si escau, bloqueig de tots aquells continguts que puguin afectar o contravenir la legislaci\u00f3 nacional o internacional, els drets de tercers o la moral i lordre p\u00fablic. En cas que l&#039;usuari consideri que hi ha al lloc web algun contingut que pogu\u00e9s ser susceptible d&#039;aquesta classificaci\u00f3, es prega que ho notifiqui de manera immediata a l&#039;administrador del lloc web.<\/p><p>Aquest lloc web ha estat revisat i provat perqu\u00e8 funcioni correctament. En principi, es pot garantir el funcionament correcte els 365 dies de l&#039;any, 24 hores al dia. Tot i aix\u00f2, el RESPONSABLE no descarta la possibilitat que hi hagi certs errors de programaci\u00f3, o que esdevinguin causes de for\u00e7a major, cat\u00e0strofes naturals, vagues o circumst\u00e0ncies semblants que facin impossible l&#039;acc\u00e9s a la p\u00e0gina web.<\/p><h5>Adreces IP<\/h5><p>Els servidors del lloc web podran detectar autom\u00e0ticament l&#039;adre\u00e7a IP i el nom de domini utilitzats per l&#039;usuari. Una adre\u00e7a IP \u00e9s un n\u00famero assignat autom\u00e0ticament a un ordinador quan aquest es connecta a Internet. Tota aquesta informaci\u00f3 \u00e9s registrada en un fitxer d&#039;activitat del servidor degudament inscrit que permet el processament posterior de les dades per tal d&#039;obtenir mesures \u00fanicament estad\u00edstiques que permetin con\u00e8ixer el nombre d&#039;impressions de p\u00e0gines, el nombre de visites realitzades als servidors web, ordre de visites, punt d&#039;acc\u00e9s, etc.<\/p><h3>4. LLEI APLICABLE I JURISDICCI\u00d3<\/h3><p>La llei aplicable en cas de disputa o conflicte dinterpretaci\u00f3 dels termes que conformen els textos legals, aix\u00ed com qualsevol q\u00fcesti\u00f3 relacionada amb els serveis del present web, ser\u00e0 la llei espanyola.<\/p><p><em>Darrera actualitzaci\u00f3: 28\/01\/2020<\/em><\/p>\t\t\t\t\t\t\t\t<\/div>\n\t\t\t\t\t<\/div>\n\t\t\t\t<\/div>\n\t\t\t\t<\/div>","protected":false},"excerpt":{"rendered":"<p>LEY DE LOS SERVICIOS DE LA SOCIEDAD DE LA INFORMACI\u00d3N (LSSI) SERRA EXPERIENCIA IMMOBILIARIA, SLU, responsable del sitio web, en adelante RESPONSABLE, pone a disposici\u00f3n de los usuarios el presente documento, con el que pretende dar cumplimiento a las obligaciones dispuestas en la Ley 34\/2002, de 11 de julio, de Servicios de la Sociedad de [&hellip;]<\/p>\n","protected":false},"author":3,"featured_media":114,"parent":0,"menu_order":15,"comment_status":"closed","ping_status":"closed","template":"elementor_header_footer","meta":{"footnotes":""},"class_list":["post-25539","page","type-page","status-publish","has-post-thumbnail","hentry"],"_links":{"self":[{"href":"https:\/\/www.serra.immo\/ca\/wp-json\/wp\/v2\/pages\/25539","targetHints":{"allow":["GET"]}}],"collection":[{"href":"https:\/\/www.serra.immo\/ca\/wp-json\/wp\/v2\/pages"}],"about":[{"href":"https:\/\/www.serra.immo\/ca\/wp-json\/wp\/v2\/types\/page"}],"author":[{"embeddable":true,"href":"https:\/\/www.serra.immo\/ca\/wp-json\/wp\/v2\/users\/3"}],"replies":[{"embeddable":true,"href":"https:\/\/www.serra.immo\/ca\/wp-json\/wp\/v2\/comments?post=25539"}],"version-history":[{"count":3,"href":"https:\/\/www.serra.immo\/ca\/wp-json\/wp\/v2\/pages\/25539\/revisions"}],"predecessor-version":[{"id":1189332,"href":"https:\/\/www.serra.immo\/ca\/wp-json\/wp\/v2\/pages\/25539\/revisions\/1189332"}],"wp:featuredmedia":[{"embeddable":true,"href":"https:\/\/www.serra.immo\/ca\/wp-json\/"}],"wp:attachment":[{"href":"https:\/\/www.serra.immo\/ca\/wp-json\/wp\/v2\/media?parent=25539"}],"curies":[{"name":"wp","href":"https:\/\/api.w.org\/{rel}","templated":true}]}}