{"id":25538,"date":"2019-04-04T16:23:15","date_gmt":"2019-04-04T16:23:15","guid":{"rendered":"http:\/\/serra.immo\/?page_id=82"},"modified":"2024-08-01T08:42:24","modified_gmt":"2024-08-01T06:42:24","slug":"politica-de-privadesa","status":"publish","type":"page","link":"https:\/\/www.serra.immo\/ca\/politica-de-privacidad\/","title":{"rendered":"Pol\u00edtica de privadesa"},"content":{"rendered":"<div data-elementor-type=\"wp-page\" data-elementor-id=\"25538\" class=\"elementor elementor-25538\" data-elementor-post-type=\"page\">\n\t\t\t\t<div class=\"elementor-element elementor-element-26b5fa92 e-flex e-con-boxed e-con e-parent\" data-id=\"26b5fa92\" data-element_type=\"container\" data-e-type=\"container\" data-settings=\"{&quot;jet_parallax_layout_list&quot;:[]}\">\n\t\t\t\t\t<div class=\"e-con-inner\">\n\t\t\t\t<div class=\"elementor-element elementor-element-26995a98 exad-sticky-section-no exad-glass-effect-no elementor-widget elementor-widget-text-editor\" data-id=\"26995a98\" data-element_type=\"widget\" data-e-type=\"widget\" data-widget_type=\"text-editor.default\">\n\t\t\t\t\t\t\t\t\t<h3>Responsable del Tractament<\/h3><p>L&#039;empresa responsable del tractament de les vostres dades en virtut d&#039;aquesta Pol\u00edtica de privadesa \u00e9s:<\/p><p>SERRA EXPERI\u00c8NCIA IMMOBILI\u00c0RIA, SLU<br \/>NIF: B65695025<br \/>Domicili: C\/ Pius X, 17 08800 Vilanova i la Geltr\u00fa (Barcelona)<br \/>Adre\u00e7a de correu electr\u00f2nic: <a href=\"mailto:info@serra.immo\" target=\"_blank\" rel=\"noopener noreferrer\">info@serra.immo<\/a><br \/>Web: <a href=\"https:\/\/www.serra.immo\/ca\/\" target=\"_blank\" rel=\"noopener\">www.serra.immo<\/a><br \/>Tel\u00e8fon: 938930387<br \/>Inscrita al Registre Mercantil de Barcelona, Tom 42927, Foli 147<\/p><p>A SERRA EXPERIENCIA IMMOBILIARIA, SLU, reconeixem la import\u00e0ncia de protegir la seva informaci\u00f3 personal i estem compromesos a tractar-la amb responsabilitat i de conformitat amb les lleis de protecci\u00f3 de dades.<\/p><p>Aquesta pol\u00edtica de privadesa pret\u00e9n regular tots els aspectes relatius al tractament de dades dels diferents usuaris que naveguen o faciliten les seves dades personals a trav\u00e9s dels diferents formularis situats a la web.<\/p><h3>Dades Personals<\/h3><p>Una dada personal, \u00e9s la informaci\u00f3 que us identifica o us fa identificable. A trav\u00e9s del web, a les caselles establertes a aquest efecte recollim les dades personals que l&#039;usuari ens comunica: Nom, cognoms, correu electr\u00f2nic, tel\u00e8fon, adre\u00e7a postal, poblaci\u00f3, etc. aix\u00ed com totes aquelles dades que volunt\u00e0riament ens proporcioneu a trav\u00e9s de qualsevol de les xarxes socials de les quals l&#039;usuari est\u00e0 registrat. En aquest cas, la privadesa dependr\u00e0 de la pr\u00f2pia configuraci\u00f3 establerta per l&#039;usuari aix\u00ed com dels termes i condicions de la pr\u00f2pia xarxa social.<\/p><p>La visita de l&#039;usuari a la web no implica que hagi de facilitar cap informaci\u00f3 sobre les vostres dades personals. No obstant aix\u00f2, en cas de facilitar-los, les dades seran tractades de forma l\u00edcita amb subjecci\u00f3 en tot moment als principis i drets recollits al RGPD 2016\/679 de 27 d&#039;abril de 2016 i la LOPDGDD 3\/2018 del 5 de desembre.<\/p><h3>Finalitat, durada i legitimaci\u00f3 del tractament:<\/h3><p>Les dades que l&#039;usuari ens proporcioni les tractarem amb les finalitats seg\u00fcents:<\/p><ul><li style=\"list-style-type: none;\"><ul><li>Atendre la sol\u00b7licitud o petici\u00f3 realitzada per l&#039;usuari a trav\u00e9s del <strong>formulari de contacte<\/strong> situat a la web. Recollim i tractem les dades personals de l&#039;usuari per poder tramitar i gestionar la vostra sol\u00b7licitud, una consulta o qualsevol petici\u00f3 que realitzeu a trav\u00e9s d&#039;aquest formulari. Aquestes dades les conservarem durant el temps necessari per donar compliment a la vostra petici\u00f3 i durant el temps establert per la llei amb una durada m\u00ednima de 3 anys.<br \/>La base de legitimaci\u00f3 del tractament de les dades ser\u00e0 el consentiment que atorga l&#039;usuari en seleccionar la casella d&#039;acceptaci\u00f3 de la nostra pol\u00edtica de privadesa abans d&#039;enviar la petici\u00f3. L&#039;usuari t\u00e9 dret a revocar el consentiment en qualsevol moment sense que aix\u00f2 afecti la licitud del tractament basat en el consentiment previ a la seva retirada.<\/li><\/ul><\/li><\/ul><p>\u00a0<\/p><ul><li style=\"list-style-type: none;\"><ul><li>Gestionar l&#039;alta i participaci\u00f3 de l&#039;usuari al <strong>formulari de comentaris del bloc<\/strong> situat a la web. Aquests comentaris seran gestionats per la plataforma WordPress. Les dades facilitades les conservarem mentre l&#039;usuari no sol\u00b7liciti la baixa de la subscripci\u00f3 al contingut del bloc i durant el temps establert per la llei amb una durada m\u00ednima de 3 anys.<br \/>La base de legitimaci\u00f3 del tractament de les dades ser\u00e0 el consentiment que atorga l&#039;usuari en registrar-se a trav\u00e9s del formulari de subscripci\u00f3 al bloc i en seleccionar la casella d&#039;acceptaci\u00f3 de la nostra pol\u00edtica de privadesa abans d&#039;enviar la vostra sol\u00b7licitud. L&#039;usuari t\u00e9 dret a revocar el consentiment en qualsevol moment sense que aix\u00f2 afecti la licitud del tractament basat en el consentiment previ a la seva retirada.<\/li><\/ul><\/li><\/ul><p>\u00a0<\/p><ul><li style=\"list-style-type: none;\"><ul><li>Enviar <strong>butlletins i newsletters<\/strong> sobre productes de SERRA EXPERIENCIA IMMOBILIARIA, SLU. Sota el consentiment de l&#039;usuari recollim i tractem les vostres dades personals per poder enviar-vos informaci\u00f3 sobre els nostres productes i serveis. Aquestes dades les conservarem mentre l&#039;usuari no revoqui el seu consentiment al seu tractament i durant el temps establert per la llei amb una durada m\u00ednima de 3 anys.<br \/>La base de legitimaci\u00f3 del tractament de les dades ser\u00e0 el consentiment que atorga l&#039;usuari en seleccionar la casella d&#039;acceptaci\u00f3 de la nostra pol\u00edtica de privadesa abans de subscriure&#039;s a la newsletter en formulari habilitat a aquest efecte al web. L&#039;usuari t\u00e9 dret a revocar el consentiment en qualsevol moment sense que aix\u00f2 afecti la licitud del tractament basat en el consentiment previ a la seva retirada.<\/li><\/ul><\/li><\/ul><p>\u00a0<\/p><ul><li style=\"list-style-type: none;\"><ul><li>Donar d&#039;alta com a \u201cusuari registrat\u201d a trav\u00e9s del <strong>formulari de registre<\/strong> situat a la web i que permetr\u00e0 a l&#039;usuari accedir a la seva \u00e0rea privada de serveis i informar-lo de les nostres activitats, podent-li remetre per qualsevol mitj\u00e0 electr\u00f2nic comunicacions comercials de les novetats dels nostres serveis. Aquestes dades les conservarem mentre l&#039;usuari no sol\u00b7liciti la baixa del registre i durant el temps establert per la llei amb una durada m\u00ednima de 3 anys.<br \/>La base de legitimaci\u00f3 del tractament de les dades ser\u00e0 el consentiment que atorga l&#039;usuari en registrar-se a trav\u00e9s del formulari de registre i seleccionar la casella d&#039;acceptaci\u00f3 de la nostra pol\u00edtica de privadesa abans d&#039;enviar la vostra sol\u00b7licitud. L&#039;usuari t\u00e9 dret a revocar el consentiment en qualsevol moment sense que aix\u00f2 afecti la licitud del tractament basat en el consentiment previ a la seva retirada.<\/li><\/ul><\/li><\/ul><p>\u00a0<\/p><ul><li style=\"list-style-type: none;\"><ul><li>Millorar la vostra experi\u00e8ncia en navegar per la web. Aquestes dades les conservarem mentre l&#039;usuari no revoqui el seu consentiment al seu tractament eliminant les galetes i durant el temps establert per la llei amb una durada m\u00ednima de 3 anys.<br \/>La base de legitimaci\u00f3 per millorar la vostra experi\u00e8ncia en navegar per la web \u00e9s el consentiment que atorga l&#039;usuari en acceptar les cookies. L&#039;usuari t\u00e9 dret a revocar el consentiment en qualsevol moment sense que aix\u00f2 afecti la licitud del tractament basat en el consentiment previ a la seva retirada.<\/li><\/ul><\/li><\/ul><p>\u00a0<\/p><ul><li>Gestionar les nostres <strong>xarxes socials<\/strong> i enviar informaci\u00f3 sobre les nostres activitats i productes. Aquestes dades les conservarem mentre l&#039;usuari no revoqui el seu consentiment al seu tractament i durant el temps establert per la llei amb una durada m\u00ednima de 3 anys.<br \/>La base leg\u00edtima per gestionar les nostres xarxes socials i enviar-li les nostres activitats i novetats, \u00e9s el consentiment que ens atorga. L&#039;usuari t\u00e9 dret a revocar el consentiment en qualsevol moment sense que aix\u00f2 afecti la licitud del tractament basat en el consentiment previ a la seva retirada.<\/li><\/ul><h3>Cessi\u00f3 o comunicaci\u00f3 de dades personals i transfer\u00e8ncies internacionals:<\/h3><p>Les vostres dades no es comunicaran ni seran cedides a tercers llevat que hi hagi alguna obligaci\u00f3 legal o aquells prestadors vinculats al Responsable que actuen com a encarregats del tractament.<br \/>No es realitzen transfer\u00e8ncies internacionals, per al cas que en algun moment poguessin realitzar-se, se li comunicaran per tal d&#039;obtenir-ne el consentiment.<\/p><h3>Actualitzaci\u00f3 de dades<\/h3><p>\u00c9s important que perqu\u00e8 puguem mantenir les dades personals actualitzades, l&#039;usuari ens informi sempre que hi hagi hagut alguna modificaci\u00f3, en cas contrari, no responem de la seva veracitat.<\/p><p>L&#039;usuari garanteix que les dades personals facilitades s\u00f3n veraces garantint que tota la informaci\u00f3 facilitada correspon a la situaci\u00f3 real, que est\u00e0 actualitzada i \u00e9s exacta, i queda obligat a comunicar qualsevol modificaci\u00f3.<\/p><h3>Dades de Tercers<\/h3><p>Si l&#039;usuari facilita dades de terceres persones per a qualsevol finalitat a SERRA EXPERIENCIA IMMOBILIARIA, SLU, garanteix que ha obtingut aquestes dades de forma l\u00edcita, que ha informat pr\u00e8viament els afectats, obtenint el seu consentiment per comunicar-los i que la informaci\u00f3 facilitada \u00e9s exacta i vera\u00e7 .<\/p><h3>Car\u00e0cter obligatori de la informaci\u00f3 sol\u00b7licitada<\/h3><p>Tots els nostres formularis compten amb un asterisc (*) a les dades obligat\u00f2ries. Si l&#039;usuari no facilita aquests camps, o b\u00e9 no marca la casella d&#039;acceptaci\u00f3 de la pol\u00edtica de privadesa, no es permetr\u00e0 l&#039;enviament de la informaci\u00f3.<\/p><h3>\u00das de les contrasenyes<\/h3><p>Per poder accedir a l&#039;\u00c0rea Privada, l&#039;USUARI haur\u00e0 de \u201cIniciar Sessi\u00f3\u201d i incloure l&#039;adre\u00e7a del correu electr\u00f2nic i la contrasenya facilitada d&#039;acord amb les regles de complexitat que s&#039;estableixin a cada moment a la web.<\/p><p>Els usuaris s\u00f3n responsables de l&#039;adequada cust\u00f2dia i confidencialitat de qualsevol dels identificadors i\/o contrasenyes que hagin seleccionat al registre, i es comprometen a no cedir-ne l&#039;\u00fas a tercers, ni permetre&#039;n l&#039;acc\u00e9s a persones alienes.<\/p><p>Aix\u00ed mateix, ser\u00e0 obligaci\u00f3 de l&#039;usuari notificar de forma immediata al Responsable qualsevol fet que permeti l&#039;\u00fas indegut dels identificadors i\/o contrasenyes, com ara el robatori, la p\u00e8rdua, o l&#039;acc\u00e9s no autoritzat a aquests, a fi de procedir a cancel\u00b7laci\u00f3 immediata.<\/p><h3>Drets dels interessats:<\/h3><p>Teniu dret a accedir a les vostres dades ia obtenir confirmaci\u00f3 sobre el vostre tractament, aix\u00ed com una c\u00f2pia de les dades personals objecte de tractament. T\u00e9 dret a actualitzar-los i sol\u00b7licitar la rectificaci\u00f3 de les dades que siguin inexactes o sol\u00b7licitar la supressi\u00f3 quan les dades no siguin necess\u00e0ries per als fins per als quals van ser demanades. Podeu sol\u00b7licitar la limitaci\u00f3 en el tractament de les vostres dades i oposar-vos al tractament d&#039;aquestes dades revocant el vostre consentiment, aix\u00ed com exercir el dret a la portabilitat de les dades. De la mateixa manera, t\u00e9 dret a no ser objecte de decisions basades \u00fanicament en el tractament automatitzat de les dades personals. Podeu exercir els vostres drets contactant amb nosaltres C\/ Pius X, 17 08800 Vilanova i la Geltr\u00fa (Barcelona). Email: <a href=\"mailto:info@serra.immo\" target=\"_blank\" rel=\"noopener noreferrer\">info@serra.immo<\/a><\/p><p>Si considereu que els vostres drets no s&#039;han at\u00e8s degudament, teniu dret a presentar una reclamaci\u00f3 davant l&#039;autoritat de control a <a href=\"https:\/\/www.aepd.es\/es\" target=\"_blank\" rel=\"noopener noreferrer\">www.aepd.es<\/a><\/p><h3>Tractament de dades de menors d&#039;edat<\/h3><p>Qui facilita les dades a trav\u00e9s dels formularis d&#039;aquesta web i accepta el seu tractament declara ser major de 14 anys, i queda prohibit l&#039;acc\u00e9s i l&#039;\u00fas del portal a menors d&#039;aquesta edat. Si en algun moment, el Responsable detecta que un menor de 14 anys ha proporcionat dades de car\u00e0cter personal, procedirem a cancel\u00b7lar-les. Aix\u00ed mateix, els pares o tutors podran en qualsevol cas adre\u00e7ar-se a SERRA EXPERIENCIA IMMOBILIARIA, SLU per bloquejar el compte d&#039;acc\u00e9s dels menors a c\u00e0rrec seu que s&#039;haguessin registrat falsejant la seva identitat.<\/p><h3>Xarxes socials<\/h3><p>L&#039;objecte de les eines com ara Facebook, Twitter, Instagram, etc. o altres xarxes socials \u00e9s donar visibilitat i difusi\u00f3 a les activitats que desenvolupa la nostra organitzaci\u00f3. Aquestes eines emmagatzemen dades personals als servidors dels serveis respectius i es regeixen per la seva pr\u00f2pia pol\u00edtica de privadesa. Es recomana la revisi\u00f3 i la lectura de les condicions d&#039;\u00fas i pol\u00edtica de privadesa de la xarxa social en el moment de registrar-se, tenint en compte les diferents possibilitats de configuraci\u00f3 en relaci\u00f3 amb el grau de privadesa del perfil d&#039;usuari a la xarxa social.<\/p><p>Aix\u00ed mateix, el Responsable es reserva el dret d&#039;eliminar de les xarxes socials qualsevol informaci\u00f3 publicada per tercers que vulneri la legalitat, inciti a fer-ho o contingui missatges que atemptin contra la dignitat de persones o institucions. Com tamb\u00e9 el dret a bloquejar o denunciar el perfil autor daquests missatges.<\/p><h3>Tractament de Cookies:<\/h3><p>Una galeta \u00e9s un petit fitxer que es descarrega i emmagatzema a l&#039;ordinador de l&#039;usuari quan aquest accedeix a una p\u00e0gina web. Les Cookies permeten al web, entre altres coses, emmagatzemar i recuperar informaci\u00f3 sobre els h\u00e0bits de navegaci\u00f3 de l&#039;usuari o del seu equip i, depenent de la informaci\u00f3 que continguin i de la manera com utilitzi el seu equip, es poden utilitzar per recon\u00e8ixer l&#039;usuari .<\/p><p>L&#039;usuari t\u00e9 l&#039;opci\u00f3 d&#039;impedir la generaci\u00f3 de cookies, mitjan\u00e7ant la selecci\u00f3 de la corresponent opci\u00f3 al vostre programa de navegador. Podeu obtenir m\u00e9s informaci\u00f3 llegint la nostra <a href=\"\/ca\/politica-de-cookies\/\">Pol\u00edtica de Cookies<\/a>.<\/p><p><em>Data d&#039;actualitzaci\u00f3: 12\/06\/2019<\/em><\/p>\t\t\t\t\t\t\t\t<\/div>\n\t\t\t\t\t<\/div>\n\t\t\t\t<\/div>\n\t\t\t\t<\/div>","protected":false},"excerpt":{"rendered":"<p>Responsable del Tratamiento La empresa responsable del tratamiento de sus datos en virtud de esta Pol\u00edtica de privacidad es: SERRA EXPERIENCIA IMMOBILIARIA, SLUNIF: B65695025Domicilio: C\/ Pius X, 17 08800 Vilanova i la Geltr\u00fa (Barcelona)Direcci\u00f3n de correo electr\u00f3nico: info@serra.immoWeb: www.serra.immoTel\u00e9fono: 938930387Inscrita en el Registro Mercantil de Barcelona, Tomo 42927, Folio 147 En SERRA EXPERIENCIA IMMOBILIARIA, SLU, [&hellip;]<\/p>\n","protected":false},"author":3,"featured_media":114,"parent":0,"menu_order":13,"comment_status":"closed","ping_status":"closed","template":"elementor_header_footer","meta":{"footnotes":""},"class_list":["post-25538","page","type-page","status-publish","has-post-thumbnail","hentry"],"_links":{"self":[{"href":"https:\/\/www.serra.immo\/ca\/wp-json\/wp\/v2\/pages\/25538","targetHints":{"allow":["GET"]}}],"collection":[{"href":"https:\/\/www.serra.immo\/ca\/wp-json\/wp\/v2\/pages"}],"about":[{"href":"https:\/\/www.serra.immo\/ca\/wp-json\/wp\/v2\/types\/page"}],"author":[{"embeddable":true,"href":"https:\/\/www.serra.immo\/ca\/wp-json\/wp\/v2\/users\/3"}],"replies":[{"embeddable":true,"href":"https:\/\/www.serra.immo\/ca\/wp-json\/wp\/v2\/comments?post=25538"}],"version-history":[{"count":4,"href":"https:\/\/www.serra.immo\/ca\/wp-json\/wp\/v2\/pages\/25538\/revisions"}],"predecessor-version":[{"id":1288593,"href":"https:\/\/www.serra.immo\/ca\/wp-json\/wp\/v2\/pages\/25538\/revisions\/1288593"}],"wp:featuredmedia":[{"embeddable":true,"href":"https:\/\/www.serra.immo\/ca\/wp-json\/"}],"wp:attachment":[{"href":"https:\/\/www.serra.immo\/ca\/wp-json\/wp\/v2\/media?parent=25538"}],"curies":[{"name":"wp","href":"https:\/\/api.w.org\/{rel}","templated":true}]}}