{"id":25529,"date":"2019-04-04T16:11:36","date_gmt":"2019-04-04T16:11:36","guid":{"rendered":"http:\/\/serra.immo\/?page_id=61"},"modified":"2025-03-18T08:26:52","modified_gmt":"2025-03-18T07:26:52","slug":"la-nostra-historia","status":"publish","type":"page","link":"https:\/\/www.serra.immo\/ca\/nuestra-historia\/","title":{"rendered":"La nostra Hist\u00f2ria"},"content":{"rendered":"\t\t<div data-elementor-type=\"wp-page\" data-elementor-id=\"25529\" class=\"elementor elementor-25529\" data-elementor-post-type=\"page\">\n\t\t\t\t\t\t<section class=\"elementor-section elementor-top-section elementor-element elementor-element-584ee93f elementor-section-stretched elementor-section-height-min-height elementor-section-content-middle elementor-section-boxed elementor-section-height-default elementor-section-items-middle exad-glass-effect-no exad-sticky-section-no\" data-id=\"584ee93f\" data-element_type=\"section\" data-e-type=\"section\" data-settings=\"{&quot;stretch_section&quot;:&quot;section-stretched&quot;,&quot;background_background&quot;:&quot;classic&quot;,&quot;jet_parallax_layout_list&quot;:[]}\">\n\t\t\t\t\t\t\t<div class=\"elementor-background-overlay\"><\/div>\n\t\t\t\t\t\t\t<div class=\"elementor-container elementor-column-gap-default\">\n\t\t\t\t\t<div class=\"elementor-column elementor-col-100 elementor-top-column elementor-element elementor-element-1771e14b exad-glass-effect-no exad-sticky-section-no elementor-invisible\" data-id=\"1771e14b\" data-element_type=\"column\" data-e-type=\"column\" data-settings=\"{&quot;animation&quot;:&quot;fadeIn&quot;}\">\n\t\t\t<div class=\"elementor-widget-wrap elementor-element-populated\">\n\t\t\t\t\t\t<div class=\"elementor-element elementor-element-77a1551 exad-sticky-section-no exad-glass-effect-no elementor-widget elementor-widget-heading\" data-id=\"77a1551\" data-element_type=\"widget\" data-e-type=\"widget\" data-widget_type=\"heading.default\">\n\t\t\t\t\t<h1 class=\"elementor-heading-title elementor-size-default\">\u00bfQUIERES SABER NUESTRA HISTORIA?<\/h1>\t\t\t\t<\/div>\n\t\t\t\t<div class=\"elementor-element elementor-element-2f203c3 exad-sticky-section-no exad-glass-effect-no elementor-widget elementor-widget-text-editor\" data-id=\"2f203c3\" data-element_type=\"widget\" data-e-type=\"widget\" data-widget_type=\"text-editor.default\">\n\t\t\t\t\t\t\t\t\t<div class=\"flex max-w-full flex-col flex-grow\"><div class=\"min-h-8 text-message flex w-full flex-col items-end gap-2 whitespace-normal break-words [.text-message+&amp;]:mt-5\" dir=\"auto\" data-message-author-role=\"assistant\" data-message-id=\"5af1f2ea-0293-4879-ad1a-9499872a4a4a\"><div class=\"flex w-full flex-col gap-1 empty:hidden first:pt-[3px]\"><div class=\"markdown prose w-full break-words dark:prose-invert light\"><p style=\"text-align: center;\"><span style=\"color: #ffffff;\">Desde 1965, Serra ha evolucionado con los valores de su fundador, manteniendo siempre el compromiso y la pasi\u00f3n por hacer las cosas bien.<\/span><\/p><\/div><\/div><\/div><\/div>\t\t\t\t\t\t\t\t<\/div>\n\t\t\t\t\t<\/div>\n\t\t<\/div>\n\t\t\t\t\t<\/div>\n\t\t<\/section>\n\t\t\t\t<section class=\"elementor-section elementor-top-section elementor-element elementor-element-55d51967 elementor-section-full_width elementor-section-height-default elementor-section-height-default exad-glass-effect-no exad-sticky-section-no\" data-id=\"55d51967\" data-element_type=\"section\" data-e-type=\"section\" data-settings=\"{&quot;background_background&quot;:&quot;classic&quot;,&quot;jet_parallax_layout_list&quot;:[]}\">\n\t\t\t\t\t\t<div class=\"elementor-container elementor-column-gap-default\">\n\t\t\t\t\t<div class=\"elementor-column elementor-col-100 elementor-top-column elementor-element elementor-element-307a6b4b exad-glass-effect-no exad-sticky-section-no\" data-id=\"307a6b4b\" data-element_type=\"column\" data-e-type=\"column\">\n\t\t\t<div class=\"elementor-widget-wrap elementor-element-populated\">\n\t\t\t\t\t\t<div class=\"elementor-element elementor-element-49c5be35 exad-sticky-section-no exad-glass-effect-no elementor-widget elementor-widget-houzez_elementor_space\" data-id=\"49c5be35\" data-element_type=\"widget\" data-e-type=\"widget\" data-widget_type=\"houzez_elementor_space.default\">\n\t\t\t\t<div class=\"elementor-widget-container\">\n\t\t\t\t\t        <div class=\"houzez-spacer\">\n            <div class=\"houzez-spacer-inner\"><\/div>\n        <\/div>\n        \t\t\t\t<\/div>\n\t\t\t\t<\/div>\n\t\t\t\t<section class=\"elementor-section elementor-inner-section elementor-element elementor-element-6d4d54b4 elementor-section-boxed elementor-section-height-default elementor-section-height-default exad-glass-effect-no exad-sticky-section-no elementor-invisible\" data-id=\"6d4d54b4\" data-element_type=\"section\" data-e-type=\"section\" data-settings=\"{&quot;animation&quot;:&quot;fadeIn&quot;,&quot;jet_parallax_layout_list&quot;:[]}\">\n\t\t\t\t\t\t<div class=\"elementor-container elementor-column-gap-default\">\n\t\t\t\t\t<div class=\"elementor-column elementor-col-100 elementor-inner-column elementor-element elementor-element-da5584f exad-glass-effect-no exad-sticky-section-no\" data-id=\"da5584f\" data-element_type=\"column\" data-e-type=\"column\">\n\t\t\t<div class=\"elementor-widget-wrap elementor-element-populated\">\n\t\t\t\t\t\t<div class=\"elementor-element elementor-element-302a71e4 exad-sticky-section-no exad-glass-effect-no elementor-widget elementor-widget-text-editor\" data-id=\"302a71e4\" data-element_type=\"widget\" data-e-type=\"widget\" data-widget_type=\"text-editor.default\">\n\t\t\t\t\t\t\t\t\t<p>Los valores de Grup Serra son y han sido los mismos que Josep Antoni Serra Alsina hac\u00eda suyos, bajo el entra\u00f1able personaje de Lalo.<\/p><p>La solidaridad con los m\u00e1s necesitados, la valent\u00eda de hacer parodia en tiempos de dictadura, el convencimiento de que cada peque\u00f1a acci\u00f3n no es que pueda hacer, sino que hace un mundo mejor\u2026 le dieron el impulso para fundar Serra en 1965.<\/p><p>Te podr\u00edamos contar mil historias e hitos m\u00e1s\u2026 Hemos crecido, hemos incorporado nuevas oficinas, hemos patrocinado clubes deportivos e iniciativas culturales, hemos participado en programas de TV, hemos adquirido empresas\u2026 En resumen: hemos andado un camino de muchos \u00e9xitos, algunos fracasos e incontables aprendizajes.<\/p><p>A\u00f1o tras a\u00f1o, el car\u00e1cter inconformista, inquieto y solidario de Lalo, nos ha acompa\u00f1ado a cada paso, para ayudarnos a ser quienes somos hoy: Serra Grup Immobiliari.<\/p>\t\t\t\t\t\t\t\t<\/div>\n\t\t\t\t\t<\/div>\n\t\t<\/div>\n\t\t\t\t\t<\/div>\n\t\t<\/section>\n\t\t\t\t\t<\/div>\n\t\t<\/div>\n\t\t\t\t\t<\/div>\n\t\t<\/section>\n\t\t<div class=\"elementor-element elementor-element-df2cd31 e-flex e-con-boxed e-con e-parent\" data-id=\"df2cd31\" data-element_type=\"container\" data-e-type=\"container\" data-settings=\"{&quot;background_background&quot;:&quot;classic&quot;,&quot;jet_parallax_layout_list&quot;:[]}\">\n\t\t\t\t\t<div class=\"e-con-inner\">\n\t\t\t\t\t<\/div>\n\t\t\t\t<\/div>\n\t\t\t\t<\/div>\n\t\t","protected":false},"excerpt":{"rendered":"<p>\u00bfQUIERES SABER NUESTRA HISTORIA? Desde 1965, Serra ha evolucionado con los valores de su fundador, manteniendo siempre el compromiso y la pasi\u00f3n por hacer las cosas bien. Los valores de Grup Serra son y han sido los mismos que Josep Antoni Serra Alsina hac\u00eda suyos, bajo el entra\u00f1able personaje de Lalo. La solidaridad con los [&hellip;]<\/p>\n","protected":false},"author":3,"featured_media":40268,"parent":0,"menu_order":2,"comment_status":"closed","ping_status":"closed","template":"elementor_header_footer","meta":{"footnotes":""},"class_list":["post-25529","page","type-page","status-publish","has-post-thumbnail","hentry"],"_links":{"self":[{"href":"https:\/\/www.serra.immo\/ca\/wp-json\/wp\/v2\/pages\/25529","targetHints":{"allow":["GET"]}}],"collection":[{"href":"https:\/\/www.serra.immo\/ca\/wp-json\/wp\/v2\/pages"}],"about":[{"href":"https:\/\/www.serra.immo\/ca\/wp-json\/wp\/v2\/types\/page"}],"author":[{"embeddable":true,"href":"https:\/\/www.serra.immo\/ca\/wp-json\/wp\/v2\/users\/3"}],"replies":[{"embeddable":true,"href":"https:\/\/www.serra.immo\/ca\/wp-json\/wp\/v2\/comments?post=25529"}],"version-history":[{"count":24,"href":"https:\/\/www.serra.immo\/ca\/wp-json\/wp\/v2\/pages\/25529\/revisions"}],"predecessor-version":[{"id":1288592,"href":"https:\/\/www.serra.immo\/ca\/wp-json\/wp\/v2\/pages\/25529\/revisions\/1288592"}],"wp:featuredmedia":[{"embeddable":true,"href":"https:\/\/www.serra.immo\/ca\/wp-json\/"}],"wp:attachment":[{"href":"https:\/\/www.serra.immo\/ca\/wp-json\/wp\/v2\/media?parent=25529"}],"curies":[{"name":"wp","href":"https:\/\/api.w.org\/{rel}","templated":true}]}}