{"id":185021,"date":"2020-02-13T16:37:38","date_gmt":"2020-02-13T15:37:38","guid":{"rendered":"http:\/\/serra.immo\/?page_id=185021"},"modified":"2024-08-01T08:41:30","modified_gmt":"2024-08-01T06:41:30","slug":"politica-de-xarxes-socials","status":"publish","type":"page","link":"https:\/\/www.serra.immo\/ca\/politica-de-redes-sociales\/","title":{"rendered":"Pol\u00edtica de Xarxes Socials"},"content":{"rendered":"<div data-elementor-type=\"wp-page\" data-elementor-id=\"185021\" class=\"elementor elementor-185021\" data-elementor-post-type=\"page\">\n\t\t\t\t<div class=\"elementor-element elementor-element-4cd450f9 e-flex e-con-boxed e-con e-parent\" data-id=\"4cd450f9\" data-element_type=\"container\" data-e-type=\"container\" data-settings=\"{&quot;jet_parallax_layout_list&quot;:[]}\">\n\t\t\t\t\t<div class=\"e-con-inner\">\n\t\t\t\t<div class=\"elementor-element elementor-element-2ccba29f exad-sticky-section-no exad-glass-effect-no elementor-widget elementor-widget-text-editor\" data-id=\"2ccba29f\" data-element_type=\"widget\" data-e-type=\"widget\" data-widget_type=\"text-editor.default\">\n\t\t\t\t\t\t\t\t\t<h3>1. Informaci\u00f3 sobre el responsable del tractament de les dades allotjades a la p\u00e0gina oficial de SERRA EXPERI\u00c8NCIA IMMOBILI\u00c0RIA, SLU, a la xarxa social<\/h3><p>De conformitat al deure informaci\u00f3 establert al Reglament (UE) 2016\/679 de 27 d&#039;abril (GDPR) i la Llei Org\u00e0nica 3\/2018, de 5 de desembre (LOPDGDD) <strong>SERRA EXPERI\u00c8NCIA IMMOBILI\u00c0RIA, SLU<\/strong>, en endavant el Responsable vol posar en coneixement dels usuaris d&#039;aquesta xarxa social la pol\u00edtica respecte del tractament i protecci\u00f3 de les dades de car\u00e0cter personal d&#039;aquelles persones que volunt\u00e0riament accedeixen i utilitzen la p\u00e0gina oficial del <strong>RESPONSABLE<\/strong>, a la mateixa. L&#039;acc\u00e9s i l&#039;\u00fas per l&#039;usuari d&#039;aquesta p\u00e0gina oficial del <strong>RESPONSABLE<\/strong>, suposa que accepta expressament aquesta pol\u00edtica de privadesa i que presta el seu consentiment per al tractament de les seves dades personals segons el que preveu.<\/p><h3>2. Dades de menors d&#039;edat o incapaces<\/h3><p>L&#039;acc\u00e9s i registre en aquesta xarxa social est\u00e0 prohibit als menors de catorze (14) anys, de manera que igualment queda prohibit l&#039;acc\u00e9s i l&#039;\u00fas dels menors de catorze (14 anys) a la p\u00e0gina oficial del <strong>RESPONSABLE<\/strong>, a la mateixa. Per la seva banda, si l&#039;usuari \u00e9s incapa\u00e7, el <strong>RESPONSABLE<\/strong>, adverteix que ser\u00e0 necess\u00e0ria lassist\u00e8ncia consentida del titular de la p\u00e0tria potestat o tutela de lusuari o el seu representant legal per a lacc\u00e9s i \u00fas daquesta p\u00e0gina oficial del <strong>RESPONSABLE<\/strong>, aquest queda expressament exonerada de qualsevol responsabilitat que pogu\u00e9s derivar-se de l&#039;\u00fas de la seva p\u00e0gina oficial per menors i incapa\u00e7os sent aquesta responsabilitat dels seus representants legals en cada cas.<\/p><h3>3. Identificaci\u00f3 de la ra\u00f3 social del responsable del fitxer<\/h3><p>L&#039;usuari queda informat que el <strong>RESPONSABLE<\/strong>, amb domicili social a <strong>C\/ Pius X, 17 \u2013 08800 Vilanova i la Geltr\u00fa (Barcelona)<\/strong>, ostenta la condici\u00f3 de responsable dels fitxers i tractaments a trav\u00e9s dels quals es recullen i emmagatzemen les dades personals de l&#039;usuari com a conseq\u00fc\u00e8ncia del registre i \u00fas de la p\u00e0gina oficial del <strong>RESPONSABLE<\/strong>, en aquesta xarxa social, sens perjudici dels tractaments de qu\u00e8 \u00e9s responsable l&#039;entitat titular de la xarxa social on es troba la nostra p\u00e0gina oficial.<\/p><h3>4. Finalitats a qu\u00e8 es destinen les dades de car\u00e0cter personal, informaci\u00f3 i consentiment<\/h3><p>Les dades personals proporcionades volunt\u00e0riament per l&#039;usuari al <strong>RESPONSABLE<\/strong>, a trav\u00e9s de la seva p\u00e0gina oficial formaran part d&#039;un tractament de dades responsabilitat del <strong>RESPONSABLE<\/strong>, amb la finalitat d&#039;oferir-vos informaci\u00f3 del <strong>RESPONSABLE<\/strong>, per e-mail, fax, SMS, MMS, comunitats socials o qualsevol altre mitj\u00e0 electr\u00f2nic o f\u00edsic, present o futur, que possibiliti realitzar comunicaci\u00f3 comercials, enviament de newsletter a aquells usuaris que se subscriguin, intercanviar informaci\u00f3 amb el <strong>RESPONSABLE<\/strong>, i altres usuaris i establir comunicaci\u00f3 amb tercers.<\/p><p>Des del moment en qu\u00e8 l&#039;usuari utilitza aquesta p\u00e0gina oficial presta el seu consentiment lliure, inequ\u00edvoc, espec\u00edfic, informat i expr\u00e9s per al tractament de les seves dades personals pel <strong>RESPONSABLE<\/strong>, per a la correcta prestaci\u00f3 dels serveis esmentats d&#039;acord amb el que estableix aquesta pol\u00edtica.<\/p><p>L&#039;usuari \u00e9s lliure d&#039;utilitzar la p\u00e0gina oficial del <strong>RESPONSABLE<\/strong>, en aquesta xarxa social, per la qual cosa en cas que l&#039;usuari no estigui d&#039;acord amb el tractament de les seves dades amb aquests fins, no l&#039;haur\u00e0 d&#039;utilitzar ni proporcionar dades personals.<\/p><p>A trav\u00e9s d&#039;aquesta p\u00e0gina oficial del <strong>RESPONSABLE<\/strong>, l&#039;usuari pot compartir textos, fotos, v\u00eddeos i altres tipus d&#039;informaci\u00f3 i\/o continguts que estaran subjectes tant a la present pol\u00edtica com a les Normes i Condicions de la Plataforma. L&#039;usuari ser\u00e0 responsable que tots els continguts que publiqui respectin la legislaci\u00f3 vigent, aquesta pol\u00edtica i les Normes de la Plataforma.<\/p><p>L&#039;usuari nom\u00e9s podr\u00e0 publicar en aquesta p\u00e0gina oficial del <strong>RESPONSABLE<\/strong>, dades personals, fotografies i informacions o altres continguts la titularitat i propietat dels quals li pertanyin o respecte de les quals ostenti l&#039;autoritzaci\u00f3 de tercers.<\/p><p>El <strong>RESPONSABLE<\/strong>, tindr\u00e0 dret a eliminar de la present p\u00e0gina oficial -de forma unilateral i sense pr\u00e8via comunicaci\u00f3 ni autoritzaci\u00f3 de l&#039;usuari- qualssevol continguts publicats per l&#039;usuari quan l&#039;usuari infringeixi o vulneri la legislaci\u00f3 vigent, les normes establertes a la present pol\u00edtica i les Normes de la Plataforma.<\/p><h3>5. Identificaci\u00f3 dels destinataris respecte dels quals el RESPONSABLE, tingui previst la realitzaci\u00f3 de cessions o comunicacions de dades<\/h3><p>S&#039;adverteix a l&#039;usuari que tota la informaci\u00f3 i continguts que publiqui a la p\u00e0gina oficial del <strong>RESPONSABLE<\/strong>, a la xarxa social podr\u00e0 ser coneguda pels restants usuaris de la p\u00e0gina oficial i de la plataforma de xarxa social. En conseq\u00fc\u00e8ncia, tota la informaci\u00f3 i continguts publicats per l&#039;usuari a la p\u00e0gina oficial del <strong>RESPONSABLE<\/strong>, en aquesta xarxa social ser\u00e0 objecte de comunicaci\u00f3 de la resta dels usuaris per la pr\u00f2pia naturalesa del servei.<\/p><p>El <strong>RESPONSABLE<\/strong> \u00fanicament t\u00e9 prevista la realitzaci\u00f3 de cessions o comunicacions de dades que per ra\u00f3 de la normativa vigent hagi de realitzar a jutges, tribunals, administracions p\u00fabliques i autoritats competents de car\u00e0cter administratiu.<\/p><h3>6. Altres tercers prestadors de serveis<\/h3><p>El <strong>RESPONSABLE<\/strong>, adverteix a l&#039;usuari que aquesta entitat nom\u00e9s \u00e9s responsable i garanteix la confidencialitat, seguretat i tractament de les dades d&#039;acord amb aquesta pol\u00edtica, respecte de les dades de car\u00e0cter personal que reculli de l&#039;usuari a trav\u00e9s de la present p\u00e0gina oficial en aquesta xarxa social , no tenint cap tipus de responsabilitat respecte dels tractaments i posteriors utilitzacions de les dades personals que poguessin efectuar-se tant pel titular de la xarxa social com per tercers prestadors de serveis de la societat de la informaci\u00f3 que poguessin accedir a tals dades per ra\u00f3 de la prestaci\u00f3 dels seus serveis o exercici de la seva activitat, tercers que estableixin hiperenlla\u00e7os a la xarxa social, ni d&#039;aquells responsables a qui a trav\u00e9s d&#039;hiperenlla\u00e7os <strong>RESPONSABLE<\/strong>, remet als usuaris adherits a la present p\u00e0gina oficial.<\/p><h3>7. Qualitat de les dades<\/h3><p>El <strong>RESPONSABLE<\/strong>, adverteix a l&#039;usuari que, tret de l&#039;exist\u00e8ncia d&#039;una representaci\u00f3 legalment constitu\u00efda, cap usuari no pot utilitzar la identitat d&#039;una altra persona i comunicar les seves dades personals, per la qual cosa l&#039;usuari en tot moment haur\u00e0 de tenir en compte que nom\u00e9s pot proporcionar dades personals corresponents a la pr\u00f2pia identitat i que siguin adequats, pertinents, actuals, exactes i veritables. En qualsevol cas, l&#039;usuari haur\u00e0 de respectar la privadesa de tercers, siguin aquests usuaris o no de la xarxa social o de la p\u00e0gina oficial del <strong>RESPONSABLE<\/strong>, a la mateixa.<\/p><h3>8. Drets que assisteixen a l&#039;interessat:<\/h3><ul><li>Dret a retirar el consentiment en qualsevol moment.<\/li><li>Dret d&#039;acc\u00e9s, rectificaci\u00f3, portabilitat i supressi\u00f3 de les vostres dades ia la limitaci\u00f3 o oposici\u00f3 al tractament.<\/li><li>Dret a presentar una reclamaci\u00f3 davant de l&#039;Autoritat de control (<a href=\"https:\/\/www.aepd.es\/es\" target=\"_blank\" rel=\"noopener noreferrer\">www.aepd.es<\/a>) si considera que el tractament no s&#039;ajusta a la normativa vigent.<\/li><\/ul><h3>9. Una altra informaci\u00f3 d&#039;inter\u00e8s<\/h3><p>El <strong>RESPONSABLE<\/strong>, podr\u00e0 modificar i\/o substituir en qualsevol moment la present pol\u00edtica que, segons els casos, substituir\u00e0, completar\u00e0 i\/o modificar\u00e0 l&#039;actualment publicada aqu\u00ed recollida. Per aix\u00f2 l&#039;usuari haur\u00e0 d&#039;accedir-hi peri\u00f2dicament a fi de mantenir-se actualitzat.<\/p><p>L&#039;usuari pot contactar amb el <strong>RESPONSABLE<\/strong>, mitjan\u00e7ant el servei de missatgeria interna de la xarxa social oa trav\u00e9s de les seg\u00fcents adreces i dades de contacte:<\/p><p><strong>SERRA EXPERI\u00c8NCIA IMMOBILI\u00c0RIA, SLU<\/strong><br \/>C\/ Pius X, 17 \u2013 08800 Vilanova i la Geltr\u00fa (Barcelona)<br \/><a href=\"mailto:info@serra.immo\" target=\"_blank\" rel=\"noopener noreferrer\">info@serra.immo<\/a><\/p><p>Aix\u00ed mateix, l&#039;usuari pot consultar les normes i pol\u00edtiques publicades pel titular de la xarxa social per a l&#039;\u00fas de la mateixa.<\/p>\t\t\t\t\t\t\t\t<\/div>\n\t\t\t\t\t<\/div>\n\t\t\t\t<\/div>\n\t\t\t\t<\/div>","protected":false},"excerpt":{"rendered":"<p>1. Informaci\u00f3n sobre el responsable del tratamiento de los datos alojados en la p\u00e1gina oficial de SERRA EXPERIENCIA IMMOBILIARIA, SLU, en la red social De conformidad al deber de informaci\u00f3n establecido en el Reglamento (UE) 2016\/679 de 27 de abril (GDPR) y la Ley Org\u00e1nica 3\/2018, de 5 de diciembre (LOPDGDD) SERRA EXPERIENCIA IMMOBILIARIA, SLU, [&hellip;]<\/p>\n","protected":false},"author":3,"featured_media":114,"parent":0,"menu_order":16,"comment_status":"closed","ping_status":"closed","template":"elementor_header_footer","meta":{"footnotes":""},"class_list":["post-185021","page","type-page","status-publish","has-post-thumbnail","hentry"],"_links":{"self":[{"href":"https:\/\/www.serra.immo\/ca\/wp-json\/wp\/v2\/pages\/185021","targetHints":{"allow":["GET"]}}],"collection":[{"href":"https:\/\/www.serra.immo\/ca\/wp-json\/wp\/v2\/pages"}],"about":[{"href":"https:\/\/www.serra.immo\/ca\/wp-json\/wp\/v2\/types\/page"}],"author":[{"embeddable":true,"href":"https:\/\/www.serra.immo\/ca\/wp-json\/wp\/v2\/users\/3"}],"replies":[{"embeddable":true,"href":"https:\/\/www.serra.immo\/ca\/wp-json\/wp\/v2\/comments?post=185021"}],"version-history":[{"count":3,"href":"https:\/\/www.serra.immo\/ca\/wp-json\/wp\/v2\/pages\/185021\/revisions"}],"predecessor-version":[{"id":1189320,"href":"https:\/\/www.serra.immo\/ca\/wp-json\/wp\/v2\/pages\/185021\/revisions\/1189320"}],"wp:featuredmedia":[{"embeddable":true,"href":"https:\/\/www.serra.immo\/ca\/wp-json\/"}],"wp:attachment":[{"href":"https:\/\/www.serra.immo\/ca\/wp-json\/wp\/v2\/media?parent=185021"}],"curies":[{"name":"wp","href":"https:\/\/api.w.org\/{rel}","templated":true}]}}